{"id":1714,"date":"2026-02-26T14:54:09","date_gmt":"2026-02-26T17:54:09","guid":{"rendered":"https:\/\/undef.edu.ar\/fortin\/?page_id=1714"},"modified":"2026-04-10T16:53:23","modified_gmt":"2026-04-10T19:53:23","slug":"audios","status":"publish","type":"page","link":"https:\/\/undef.edu.ar\/fortin\/index.php\/audios\/","title":{"rendered":"Audios"},"content":{"rendered":"<div class=\"wp-block-column is-vertically-aligned-top\">\n<h2 class=\"wp-block-heading\"><img loading=\"lazy\" decoding=\"async\" class=\"alignnone wp-image-1716 size-full\" src=\"https:\/\/undef.edu.ar\/fortin\/wp-content\/uploads\/2026\/02\/Audios-Fortin-Banner-Seccion.jpg.jpeg\" alt=\"\" width=\"1024\" height=\"300\" srcset=\"https:\/\/undef.edu.ar\/fortin\/wp-content\/uploads\/2026\/02\/Audios-Fortin-Banner-Seccion.jpg.jpeg 1024w, https:\/\/undef.edu.ar\/fortin\/wp-content\/uploads\/2026\/02\/Audios-Fortin-Banner-Seccion.jpg-300x88.jpeg 300w, https:\/\/undef.edu.ar\/fortin\/wp-content\/uploads\/2026\/02\/Audios-Fortin-Banner-Seccion.jpg-768x225.jpeg 768w\" sizes=\"auto, (max-width: 1024px) 100vw, 1024px\" \/><\/h2>\n<p>&nbsp;<\/p>\n<p>&nbsp;<\/p>\n<p>Bienvenidos a Audios Fort\u00edn, el podcast de la revista <strong>Fort\u00edn\\<\/strong> y la <strong>Universidad de la Defensa Nacional<\/strong>. En este primer episodio, los especialistas <strong>Rodrigo C\u00e1rdenas Holick<\/strong> y <strong>Sebasti\u00e1n Zurutuza<\/strong> rompen los mitos de la ciberdefensa y nos cuenta por qu\u00e9 <strong>el ciberespacio es hoy el quinto dominio de la guerra<\/strong>. Analizamos c\u00f3mo proteger los intereses vitales de la naci\u00f3n en un mundo de &#8220;dise\u00f1o inseguro&#8221; y por qu\u00e9 el pensamiento estrat\u00e9gico actual debe pasar de una l\u00f3gica binaria a una mentalidad cu\u00e1ntica para enfrentar la incertidumbre.<\/p>\n<\/div>\n<p>&nbsp;<\/p>\n<article id=\"arbitrary-instance-69e1d8d96415a\" class=\"iron_widget_radio playlist_enabled\"><div class=\"iron-audioplayer  show-playlist playlist_has_no_ctas\" id=\"arbitrary-instance-69e1d8d96415a-58b4398c6c\" data-id=\"arbitrary-instance-69e1d8d96415a\" data-track-sw-cursor=\"\" data-lazyload=\"\" data-albums=\"1711\" data-category=\"\" data-url-playlist=\"https:\/\/undef.edu.ar\/fortin\/?load=playlist.json&#038;title=&#038;albums=1711&#038;category=&#038;posts_not_in=&#038;category_not_in=&#038;author=&#038;feed_title=&#038;feed=&#038;feed_img=&#038;el_widget_id=&#038;artwork=&#038;posts_per_pages=-1&#038;all_category=&#038;single_playlist=&#038;reverse_tracklist=&#038;audio_meta_field=&#038;repeater_meta_field=&#038;import_file=&#038;rss_items=-1&#038;rss_item_title=&#038;is_favorite=&#038;is_recentlyplayed=&#038;srp_order=date_DESC\" data-sticky-player=\"0\" data-shuffle=\"false\" data-playlist_title=\"\" data-scrollbar=\"\" data-wave-color=\"\" data-wave-progress-color=\"\" data-spectro=\"\" data-no-wave=\"0\" data-hide-progressbar=\"\" data-progress-bar-style=\"\"data-feedurl=\"0\" data-notrackskip=\"\" data-no-loop-tracklist=\"\" data-playertemplate =\"skin_boxed_tracklist\" data-hide-artwork =\"\" data-speedrate=\"1\"  data-tracks-per-page=\"\" data-pagination_scroll_offset=\"\" data-adaptive-colors=\"\" data-adaptive-colors-freeze=\"\" style=\"opacity:0;\"><div class=\"srp_player_boxed srp_player_grid\"><div class=\"sonaar-Artwort-box \">\n                <div class=\"control\">\n                    \n                <\/div>\n                <div class=\"album\">\n                    <div class=\"album-art\">\n                        <img alt=\"album-art\">\n                    <\/div>\n                <\/div>\n                <\/div><div class=\"album-player sr_waveform_mediaElement\" data-wave-bar-width=\"1\" data-wave-bar-gap=\"1\"><div class=\"srp_miniplayer_metas\"><div class=\" srp_meta srp_meta_0 album-title\" data-prefix=\"\" aria-label=\"Title\"><\/div><\/div><div class=\"srp_subtitle\"><\/div><div class=\"srp_player_meta\"><\/div><div class=\"srp_control_box\">\n            <div role=\"button\" tabindex=\"0\" class=\"srp-play-button play\" href=\"#\" aria-label=\"Play\">\n                <i class=\"sricon-play\"><\/i>\n                <div class=\"srp-play-circle\"><\/div>\n            <\/div><div class=\"srp_wave_box\"> <div class=\"player \" ><div class=\"sr_progressbar\">\n                \n            <div class=\"currentTime\">00:00<\/div>\n         \n                <div id=\"arbitrary-instance-69e1d8d96415a-526cab5c86-wave\" class=\"wave\" >\n                 \n        <div class=\"sonaar_fake_wave\" style=\"height:70px\"> \n            <audio src=\"\" class=\"sonaar_media_element\"><\/audio> \n            <div class=\"sonaar_wave_base\"> \n                <canvas id=\"sonaar_wave_base_canvas\" class=\"\" height=\"70\" width=\"2540\"><\/canvas> \n                <svg><\/svg> \n            <\/div> \n            <div class=\"sonaar_wave_cut\"> \n                <canvas id=\"sonaar_wave_cut_canvas\" class=\"\" height=\"70\" width=\"2540\"><\/canvas> \n                <svg><\/svg> \n            <\/div> \n        <\/div> \n                <\/div>\n                \n            <div class=\"totalTime\"><\/div>\n         \n             <\/div><\/div><div class=\"control\"><div role=\"button\" tabindex=\"0\" class=\"play\" style=\"opacity:0;\" aria-label=\"Play\" title=\"Play\/Pause\">\n                <i class=\"sricon-play\"><\/i>\n            <\/div><\/div><\/div><\/div><\/div><\/div><div class=\"playlist sr_waveform_mediaElement\"  id=\"playlist_arbitrary-instance-69e1d8d96415a\"><div class=\"srp_tracklist\"><ul class=\"srp_list\"><li \n            class=\"sr-playlist-item\" \n            data-audiopath=\"https:\/\/undef.edu.ar\/fortin\/wp-content\/uploads\/2026\/02\/Episodio-01-Temporada-1.mp3\"\n            data-showloading=\"1\"\n            data-albumTitle=\"AUDIOS FORT\u00cdN PODCAST\"\n            data-albumArt=\"https:\/\/undef.edu.ar\/fortin\/wp-content\/uploads\/2026\/02\/AUDIOS-FORTIN-TAPA-2-1.jpeg\"\n            data-releasedate=\"\"\n            data-date=\"2026\/02\/26\"\n            data-date-formated=\"26 febrero, 2026\"\n            data-show-date=\"\"\n            data-trackTitle=\"Episodio 01 \u2013 Ciberdefensa\"\n            data-artist=\"\"\n            data-trackID=\"1712\"\n            data-trackTime=\"10:02\"\n            data-relatedTrack=\"\"\n            data-post-url=\"\"\n            data-post-id=\"1711\"\n            data-track-pos=\"0\"\n            data-peakFile=\"https:\/\/undef.edu.ar\/fortin\/wp-content\/uploads\/audio_peaks\/1712.peak\"\n            data-peakFile-allow=\"1\"\n            data-is-preview=\"\"\n            data-track-lyric=\"\" data-icecast_json=\"\" data-icecast_mount=\"\"><div class=\"sr-playlist-item-flex\"><span class=\"store-list\"><\/span><\/div><div class=\"srp_track_description\"><\/div><\/li><\/ul><\/div><\/div><div class=\"album-store\"><\/div><\/div><script id=\"srp_js_params_69e1d8d96415a\">\n        var srp_player_params_69e1d8d96415a = {\"title\":\"\",\"store_title_text\":\"\",\"albums\":\"latest\",\"hide_artwork\":false,\"sticky_player\":0,\"show_album_market\":0,\"show_track_market\":\"true\",\"hide_timeline\":0,\"progress_bar_style\":\"default\",\"wave_bar_width\":\"1\",\"wave_bar_gap\":\"1\",\"player_layout\":\"skin_boxed_tracklist\",\"tracklist_layout\":\"list\",\"show_playlist\":\"true\",\"orderby\":\"date\",\"order\":\"DESC\",\"use_play_label_with_icon\":\"false\",\"main_settings\":\"||\"} \n        var srp_player_params_args_69e1d8d96415a = {\"before_widget\":\"<article id=\\\"arbitrary-instance-69e1d8d96415a\\\" class=\\\"iron_widget_radio playlist_enabled\\\">\",\"after_widget\":\"<\\\/article>\",\"before_title\":\"<span class='heading-t3'><\\\/span><h3 class=\\\"widgettitle\\\">\",\"after_title\":\"<\\\/h3>\",\"widget_id\":\"arbitrary-instance-69e1d8d96415a\"}  \n        <\/script><script>if(typeof setIronAudioplayers !== \"undefined\"){ setIronAudioplayers(\"arbitrary-instance-69e1d8d96415a\"); }<\/script><\/article>\n","protected":false},"excerpt":{"rendered":"<p>&nbsp; &nbsp; Bienvenidos a Audios Fort\u00edn, el podcast de la revista Fort\u00edn\\ y la Universidad de la Defensa Nacional. En este primer episodio, los especialistas Rodrigo C\u00e1rdenas Holick y Sebasti\u00e1n Zurutuza rompen los mitos de la ciberdefensa y nos cuenta por qu\u00e9 el ciberespacio es hoy el quinto dominio de la guerra. Analizamos c\u00f3mo proteger [&hellip;]<\/p>\n","protected":false},"author":2,"featured_media":0,"parent":0,"menu_order":0,"comment_status":"closed","ping_status":"closed","template":"","meta":{"footnotes":""},"class_list":["post-1714","page","type-page","status-publish","hentry"],"_links":{"self":[{"href":"https:\/\/undef.edu.ar\/fortin\/index.php\/wp-json\/wp\/v2\/pages\/1714","targetHints":{"allow":["GET"]}}],"collection":[{"href":"https:\/\/undef.edu.ar\/fortin\/index.php\/wp-json\/wp\/v2\/pages"}],"about":[{"href":"https:\/\/undef.edu.ar\/fortin\/index.php\/wp-json\/wp\/v2\/types\/page"}],"author":[{"embeddable":true,"href":"https:\/\/undef.edu.ar\/fortin\/index.php\/wp-json\/wp\/v2\/users\/2"}],"replies":[{"embeddable":true,"href":"https:\/\/undef.edu.ar\/fortin\/index.php\/wp-json\/wp\/v2\/comments?post=1714"}],"version-history":[{"count":9,"href":"https:\/\/undef.edu.ar\/fortin\/index.php\/wp-json\/wp\/v2\/pages\/1714\/revisions"}],"predecessor-version":[{"id":2027,"href":"https:\/\/undef.edu.ar\/fortin\/index.php\/wp-json\/wp\/v2\/pages\/1714\/revisions\/2027"}],"wp:attachment":[{"href":"https:\/\/undef.edu.ar\/fortin\/index.php\/wp-json\/wp\/v2\/media?parent=1714"}],"curies":[{"name":"wp","href":"https:\/\/api.w.org\/{rel}","templated":true}]}}