{"id":16,"date":"2024-05-20T14:33:22","date_gmt":"2024-05-20T17:33:22","guid":{"rendered":"https:\/\/revistafortin.wordpress.com\/blog\/"},"modified":"2026-04-16T16:12:19","modified_gmt":"2026-04-16T19:12:19","slug":"ediciones-anteriores","status":"publish","type":"page","link":"https:\/\/undef.edu.ar\/fortin\/index.php\/ediciones-anteriores\/","title":{"rendered":"Ediciones anteriores"},"content":{"rendered":"\n<figure class=\"wp-block-image size-large\"><img loading=\"lazy\" decoding=\"async\" width=\"1024\" height=\"768\" src=\"https:\/\/undef.edu.ar\/fortin\/wp-content\/uploads\/2024\/05\/historia-1024x768.png\" alt=\"\" class=\"wp-image-68\" style=\"aspect-ratio:16\/9;object-fit:cover\" srcset=\"https:\/\/undef.edu.ar\/fortin\/wp-content\/uploads\/2024\/05\/historia-1024x768.png 1024w, https:\/\/undef.edu.ar\/fortin\/wp-content\/uploads\/2024\/05\/historia-300x225.png 300w, https:\/\/undef.edu.ar\/fortin\/wp-content\/uploads\/2024\/05\/historia-768x576.png 768w, https:\/\/undef.edu.ar\/fortin\/wp-content\/uploads\/2024\/05\/historia-1536x1152.png 1536w, https:\/\/undef.edu.ar\/fortin\/wp-content\/uploads\/2024\/05\/historia.png 1600w\" sizes=\"auto, (max-width: 1024px) 100vw, 1024px\" \/><\/figure>\n\n\n<figure class=\"wp-block-image size-full\"><\/figure>\n\n\n<h2 class=\"wp-block-heading has-bahnschrift-font-family\" style=\"font-size:clamp(14.642px, 0.915rem + ((1vw - 3.2px) * 1.082), 22px);font-style:normal;font-weight:300\"><strong>archivo<\/strong><\/h2>\n\n\n\n<p>En este espacio se encuentra disponible el archivo de ediciones previas de <em>Fort\u00edn<\/em>, la revista de la Universidad de la Defensa Nacional. Un lugar para revisitar los an\u00e1lisis, debates y reflexiones publicados en n\u00fameros anteriores, que permiten seguir el desarrollo del pensamiento estrat\u00e9gico, geopol\u00edtico y acad\u00e9mico en torno a la Defensa Nacional.<\/p>\n\n\n\n<hr class=\"wp-block-separator has-alpha-channel-opacity\" style=\"margin-top:var(--wp--preset--spacing--60);margin-bottom:var(--wp--preset--spacing--60)\"\/>\n\n\n\n<h2 class=\"wp-block-heading has-bahnschrift-font-family\" style=\"font-size:clamp(14.642px, 0.915rem + ((1vw - 3.2px) * 1.082), 22px);font-style:normal;font-weight:300\">a\u00f1o 1, <strong>n\u00famero 4<\/strong><\/h2>\n\n\n\n<div class=\"wp-block-columns is-layout-flex wp-container-core-columns-is-layout-28f84493 wp-block-columns-is-layout-flex\">\n<div class=\"wp-block-column is-layout-flow wp-block-column-is-layout-flow\" style=\"flex-basis:20%\">\n<figure class=\"wp-block-image size-full is-resized\"><img loading=\"lazy\" decoding=\"async\" width=\"481\" height=\"659\" src=\"https:\/\/undef.edu.ar\/fortin\/wp-content\/uploads\/2026\/04\/tapa-nro4.png\" alt=\"\" class=\"wp-image-2042\" style=\"width:138px;height:auto\" srcset=\"https:\/\/undef.edu.ar\/fortin\/wp-content\/uploads\/2026\/04\/tapa-nro4.png 481w, https:\/\/undef.edu.ar\/fortin\/wp-content\/uploads\/2026\/04\/tapa-nro4-219x300.png 219w\" sizes=\"auto, (max-width: 481px) 100vw, 481px\" \/><\/figure>\n<\/div>\n\n\n\n<div class=\"wp-block-column is-layout-flow wp-block-column-is-layout-flow\" style=\"flex-basis:80%\">\n<p class=\"has-bahnschrift-font-family\" style=\"font-size:14px;font-style:normal;font-weight:300\">Fort\u00edn N\u00b0 4 aborda la necesidad de consolidar una estrategia mar\u00edtima en un contexto de creciente competencia global, donde el mar recupera centralidad en la proyecci\u00f3n del poder estatal. Argentina enfrenta el desaf\u00edo de articular conciencia mar\u00edtima, capacidades navales y pol\u00edticas sostenidas para proteger sus intereses en el Atl\u00e1ntico Sur. La proyecci\u00f3n nacional exige integrar defensa, econom\u00eda y ciencia para sostener presencia efectiva y autonom\u00eda.<\/p>\n\n\n\n<div class=\"wp-block-buttons is-content-justification-left is-layout-flex wp-container-core-buttons-is-layout-fc4fd283 wp-block-buttons-is-layout-flex\">\n<div class=\"wp-block-button is-style-outline is-style-outline--1\"><a class=\"wp-block-button__link wp-element-button\" href=\"https:\/\/undef.edu.ar\/fortin\/index.php\/2025-04\/\" style=\"border-radius:6px\"><strong>N\u00b0 4<\/strong> \\ A\u00f1o 1<\/a><\/div>\n<\/div>\n<\/div>\n<\/div>\n\n\n\n<h2 class=\"wp-block-heading has-bahnschrift-font-family\" style=\"font-size:clamp(14.642px, 0.915rem + ((1vw - 3.2px) * 1.082), 22px);font-style:normal;font-weight:300\">a\u00f1o 1, <strong>n\u00famero 3<\/strong><\/h2>\n\n\n\n<div class=\"wp-block-columns is-layout-flex wp-container-core-columns-is-layout-28f84493 wp-block-columns-is-layout-flex\">\n<div class=\"wp-block-column is-layout-flow wp-block-column-is-layout-flow\" style=\"flex-basis:20%\">\n<figure class=\"wp-block-image size-full is-resized\"><img loading=\"lazy\" decoding=\"async\" width=\"531\" height=\"753\" src=\"https:\/\/undef.edu.ar\/fortin\/wp-content\/uploads\/2025\/12\/Tapa-Nro-3.png\" alt=\"\" class=\"wp-image-1675\" style=\"width:138px;height:auto\" srcset=\"https:\/\/undef.edu.ar\/fortin\/wp-content\/uploads\/2025\/12\/Tapa-Nro-3.png 531w, https:\/\/undef.edu.ar\/fortin\/wp-content\/uploads\/2025\/12\/Tapa-Nro-3-212x300.png 212w\" sizes=\"auto, (max-width: 531px) 100vw, 531px\" \/><\/figure>\n<\/div>\n\n\n\n<div class=\"wp-block-column is-layout-flow wp-block-column-is-layout-flow\" style=\"flex-basis:80%\">\n<p class=\"has-bahnschrift-font-family\" style=\"font-size:14px;font-style:normal;font-weight:300\">Este n\u00famero aborda la necesidad de actualizar la visi\u00f3n ant\u00e1rtica nacional en un contexto en el que cambian las capacidades tecnol\u00f3gicas, se complejiza el Sistema del Tratado Ant\u00e1rtico y crecen las tensiones globales en torno al acceso al conocimiento y la presencia territorial. La bicontinentalidad requiere continuidad, planificaci\u00f3n y una defensa capaz de sostener la presencia argentina con ciencia, log\u00edstica y diplomacia.<\/p>\n\n\n\n<div class=\"wp-block-buttons is-content-justification-left is-layout-flex wp-container-core-buttons-is-layout-fc4fd283 wp-block-buttons-is-layout-flex\">\n<div class=\"wp-block-button is-style-outline is-style-outline--2\"><a class=\"wp-block-button__link wp-element-button\" href=\"https:\/\/undef.edu.ar\/fortin\/index.php\/2025-03\/\" style=\"border-radius:6px\"><strong>N\u00b0 3<\/strong> \\ A\u00f1o 1<\/a><\/div>\n<\/div>\n<\/div>\n<\/div>\n\n\n\n<hr class=\"wp-block-separator has-alpha-channel-opacity\" style=\"margin-top:var(--wp--preset--spacing--60);margin-bottom:var(--wp--preset--spacing--70)\"\/>\n\n\n\n<h2 class=\"wp-block-heading has-bahnschrift-font-family\" style=\"font-size:clamp(14.642px, 0.915rem + ((1vw - 3.2px) * 1.082), 22px);font-style:normal;font-weight:300\">a\u00f1o 1, <strong>n\u00famero 2<\/strong><\/h2>\n\n\n\n<div class=\"wp-block-columns is-layout-flex wp-container-core-columns-is-layout-28f84493 wp-block-columns-is-layout-flex\">\n<div class=\"wp-block-column is-layout-flow wp-block-column-is-layout-flow\" style=\"flex-basis:20%\">\n<figure class=\"wp-block-image size-large is-resized\"><img loading=\"lazy\" decoding=\"async\" width=\"725\" height=\"1024\" src=\"https:\/\/undef.edu.ar\/fortin\/wp-content\/uploads\/2025\/05\/diagramacion-nro-2-b_Mesa-de-trabajo-1-copia-7-725x1024.jpg\" alt=\"\" class=\"wp-image-1320\" style=\"width:138px;height:auto\" srcset=\"https:\/\/undef.edu.ar\/fortin\/wp-content\/uploads\/2025\/05\/diagramacion-nro-2-b_Mesa-de-trabajo-1-copia-7-725x1024.jpg 725w, https:\/\/undef.edu.ar\/fortin\/wp-content\/uploads\/2025\/05\/diagramacion-nro-2-b_Mesa-de-trabajo-1-copia-7-212x300.jpg 212w, https:\/\/undef.edu.ar\/fortin\/wp-content\/uploads\/2025\/05\/diagramacion-nro-2-b_Mesa-de-trabajo-1-copia-7-768x1085.jpg 768w, https:\/\/undef.edu.ar\/fortin\/wp-content\/uploads\/2025\/05\/diagramacion-nro-2-b_Mesa-de-trabajo-1-copia-7-1087x1536.jpg 1087w, https:\/\/undef.edu.ar\/fortin\/wp-content\/uploads\/2025\/05\/diagramacion-nro-2-b_Mesa-de-trabajo-1-copia-7.jpg 1241w\" sizes=\"auto, (max-width: 725px) 100vw, 725px\" \/><\/figure>\n<\/div>\n\n\n\n<div class=\"wp-block-column is-layout-flow wp-block-column-is-layout-flow\" style=\"flex-basis:80%\">\n<p class=\"has-bahnschrift-font-family\" style=\"font-size:14px;font-style:normal;font-weight:300\">Este n\u00famero aborda la inteligencia artificial como nueva frontera de la defensa, con an\u00e1lisis sobre su impacto en operaciones militares, ciberseguridad y los dilemas \u00e9ticos en conflictos modernos. Incluye perspectivas sobre el orden multipolar, el lugar de Argentina en el escenario global y un homenaje al periodista Ignacio Ezcurra en Vietnam.<br><\/p>\n\n\n\n<div class=\"wp-block-buttons is-content-justification-left is-layout-flex wp-container-core-buttons-is-layout-fc4fd283 wp-block-buttons-is-layout-flex\">\n<div class=\"wp-block-button is-style-outline is-style-outline--3\"><a class=\"wp-block-button__link wp-element-button\" href=\"https:\/\/undef.edu.ar\/fortin\/index.php\/2025-02\/\" style=\"border-radius:6px\"><strong>N\u00b0 2<\/strong> \\ A\u00f1o 1<\/a><\/div>\n<\/div>\n<\/div>\n<\/div>\n\n\n\n<hr class=\"wp-block-separator has-alpha-channel-opacity\" style=\"margin-top:var(--wp--preset--spacing--60);margin-bottom:var(--wp--preset--spacing--70)\"\/>\n\n\n\n<h2 class=\"wp-block-heading has-bahnschrift-font-family\" style=\"font-size:clamp(14.642px, 0.915rem + ((1vw - 3.2px) * 1.082), 22px);font-style:normal;font-weight:300\">a\u00f1o 1, <strong>n\u00famero 1<\/strong><\/h2>\n\n\n\n<div class=\"wp-block-columns is-layout-flex wp-container-core-columns-is-layout-28f84493 wp-block-columns-is-layout-flex\">\n<div class=\"wp-block-column is-layout-flow wp-block-column-is-layout-flow\" style=\"flex-basis:20%\">\n<figure class=\"wp-block-image size-large is-resized\"><a href=\"https:\/\/undef.edu.ar\/wp-content\/uploads\/2025\/09\/REVISTA-FORTIN-NRO-1-ANO-1.pdf\"><img loading=\"lazy\" decoding=\"async\" width=\"725\" height=\"1024\" src=\"https:\/\/undef.edu.ar\/fortin\/wp-content\/uploads\/2025\/05\/PORTADAS-ALTERNATIVAS_Mesa-de-trabajo-1-copia-9_Mesa-de-trabajo-1-copia-9-725x1024.png\" alt=\"\" class=\"wp-image-1104\" style=\"width:138px\" srcset=\"https:\/\/undef.edu.ar\/fortin\/wp-content\/uploads\/2025\/05\/PORTADAS-ALTERNATIVAS_Mesa-de-trabajo-1-copia-9_Mesa-de-trabajo-1-copia-9-725x1024.png 725w, https:\/\/undef.edu.ar\/fortin\/wp-content\/uploads\/2025\/05\/PORTADAS-ALTERNATIVAS_Mesa-de-trabajo-1-copia-9_Mesa-de-trabajo-1-copia-9-212x300.png 212w, https:\/\/undef.edu.ar\/fortin\/wp-content\/uploads\/2025\/05\/PORTADAS-ALTERNATIVAS_Mesa-de-trabajo-1-copia-9_Mesa-de-trabajo-1-copia-9-768x1085.png 768w, https:\/\/undef.edu.ar\/fortin\/wp-content\/uploads\/2025\/05\/PORTADAS-ALTERNATIVAS_Mesa-de-trabajo-1-copia-9_Mesa-de-trabajo-1-copia-9-1087x1536.png 1087w, https:\/\/undef.edu.ar\/fortin\/wp-content\/uploads\/2025\/05\/PORTADAS-ALTERNATIVAS_Mesa-de-trabajo-1-copia-9_Mesa-de-trabajo-1-copia-9-1449x2048.png 1449w, https:\/\/undef.edu.ar\/fortin\/wp-content\/uploads\/2025\/05\/PORTADAS-ALTERNATIVAS_Mesa-de-trabajo-1-copia-9_Mesa-de-trabajo-1-copia-9-scaled.png 1811w\" sizes=\"auto, (max-width: 725px) 100vw, 725px\" \/><\/a><\/figure>\n<\/div>\n\n\n\n<div class=\"wp-block-column is-layout-flow wp-block-column-is-layout-flow\" style=\"flex-basis:80%\">\n<p class=\"has-bahnschrift-font-family\" style=\"font-size:14px;font-style:normal;font-weight:300\">Este n\u00famero aborda la Defensa Nacional desde m\u00faltiples perspectivas: desde el Operativo Roca y la necesidad de submarinos Scorp\u00e8ne para el Atl\u00e1ntico Sur, hasta la conducci\u00f3n pol\u00edtica, la modernizaci\u00f3n de las Fuerzas Armadas y el perfil profesional del sector. Incluye an\u00e1lisis sobre el panorama internacional, ejercicios como UNITAS, una entrevista al subsecretario Vicente L. Autiero y una columna de Julio C\u00e9sar Spota sobre la estrategia nacional.<br><\/p>\n\n\n\n<div class=\"wp-block-buttons is-content-justification-left is-layout-flex wp-container-core-buttons-is-layout-fc4fd283 wp-block-buttons-is-layout-flex\">\n<div class=\"wp-block-button is-style-outline is-style-outline--4\"><a class=\"wp-block-button__link has-text-align-left wp-element-button\" href=\"https:\/\/undef.edu.ar\/fortin\/index.php\/2025-01\/\" style=\"border-radius:6px\"><strong>N\u00b0 1<\/strong> \\ A\u00f1o 1<\/a><\/div>\n<\/div>\n<\/div>\n<\/div>\n\n\n\n<div style=\"height:165px\" aria-hidden=\"true\" class=\"wp-block-spacer\"><\/div>\n\n\n\n<h2 class=\"wp-block-heading has-bahnschrift-font-family\" style=\"font-size:clamp(15.747px, 0.984rem + ((1vw - 3.2px) * 1.214), 24px);font-style:normal;font-weight:300\"><mark style=\"background-color:#d9d9d6\" class=\"has-inline-color\">SUSCRIBITe<\/mark>,<br>no te pierdas las novedades de<br>revista <strong>FORt\u00cdN<mark style=\"background-color:rgba(0, 0, 0, 0);color:#3771a5\" class=\"has-inline-color\">\\<\/mark><\/strong><\/h2>\n\n\n\n<div class=\"wp-block-columns is-layout-flex wp-container-core-columns-is-layout-28f84493 wp-block-columns-is-layout-flex\">\n<div class=\"wp-block-column is-layout-flow wp-block-column-is-layout-flow\">\n<div style=\"display: flex; justify-content: left; padding: 00px;\">\n  <div style=\"width: 100%; max-width: 300px;\">\n    <div class=\"fluent-form-wrapper\">\n      <div class='fluentform ff-default fluentform_wrapper_6 ffs_default_wrap'><form data-form_id=\"6\" id=\"fluentform_6\" class=\"frm-fluent-form fluent_form_6 ff-el-form-top ff_form_instance_6_1 ff-form-loading ffs_default\" data-form_instance=\"ff_form_instance_6_1\" method=\"POST\" ><fieldset  style=\"border: none!important;margin: 0!important;padding: 0!important;background-color: transparent!important;box-shadow: none!important;outline: none!important; min-inline-size: 100%;\">\n                    <legend class=\"ff_screen_reader_title\" style=\"display: block; margin: 0!important;padding: 0!important;height: 0!important;text-indent: -999999px;width: 0!important;overflow:hidden;\">Suscriptores FORTIN (#6)<\/legend><input type='hidden' name='__fluent_form_embded_post_id' value='16' \/><input type=\"hidden\" id=\"_fluentform_6_fluentformnonce\" name=\"_fluentform_6_fluentformnonce\" value=\"3b4c8227d0\" \/><input type=\"hidden\" name=\"_wp_http_referer\" value=\"\/fortin\/index.php\/wp-json\/wp\/v2\/pages\/16\" \/><div data-name=\"ff_cn_id_1\"  class='ff-t-container ff-column-container ff_columns_total_2 '><div class='ff-t-cell ff-t-column-1' style='flex-basis: 67.58%;'><div class='ff-el-group'><div class='ff-el-input--content'><input type=\"email\" name=\"email\" id=\"ff_6_email\" class=\"ff-el-form-control\" placeholder=\"Tu email\" data-name=\"email\"  aria-invalid=\"false\" aria-required=true><\/div><\/div><\/div><div class='ff-t-cell ff-t-column-2' style='flex-basis: 32.42%;'><div class='ff-el-group ff-text-left ff_submit_btn_wrapper ff_submit_btn_wrapper_custom'><button class=\"ff-btn ff-btn-submit ff-btn-md ff_btn_style wpf_has_custom_css\" type=\"submit\" name=\"custom_submit_button-6_1\" data-name=\"custom_submit_button-6_1\"  aria-label=\"Suscribite\">Suscribite<\/button><style>form.fluent_form_6 .wpf_has_custom_css.ff-btn-submit { background-color:rgba(64, 64, 64, 1);border-color:rgba(64, 64, 64, 1);color:#ffffff;min-width:100%; }form.fluent_form_6 .wpf_has_custom_css.ff-btn-submit:hover { background-color:rgba(113, 82, 176, 1);border-color:rgba(113, 82, 176, 1);color:rgba(255, 255, 255, 1);min-width:100%; } <\/style><\/div><\/div><\/div><\/fieldset><\/form><div id='fluentform_6_errors' class='ff-errors-in-stack ff_form_instance_6_1 ff-form-loading_errors ff_form_instance_6_1_errors'><\/div><\/div>            <script type=\"text\/javascript\">\n                window.fluent_form_ff_form_instance_6_1 = {\"id\":\"6\",\"settings\":{\"layout\":{\"labelPlacement\":\"top\",\"asteriskPlacement\":\"\",\"helpMessagePlacement\":\"with_label\",\"errorMessagePlacement\":\"stackToBottom\",\"cssClassName\":\"\"},\"restrictions\":{\"denyEmptySubmission\":{\"enabled\":false}}},\"form_instance\":\"ff_form_instance_6_1\",\"form_id_selector\":\"fluentform_6\",\"rules\":{\"email\":{\"required\":{\"value\":true,\"message\":\"Por favor, ingres\\u00e1 tu email\",\"global\":false,\"global_message\":\"This field is required\"},\"email\":{\"value\":true,\"message\":\"Por favor, ingres\\u00e1 una direcci\\u00f3n de correo v\\u00e1lida.\",\"global\":false,\"global_message\":\"This field must contain a valid email\"}}},\"debounce_time\":300};\n                            <\/script>\n            \n    <\/div>\n  <\/div>\n<\/div>\n<\/div>\n<\/div>\n\n\n\n<div class=\"wp-block-columns is-layout-flex wp-container-core-columns-is-layout-28f84493 wp-block-columns-is-layout-flex\">\n<div class=\"wp-block-column is-layout-flow wp-block-column-is-layout-flow\" style=\"flex-basis:100%\"><\/div>\n<\/div>\n","protected":false},"excerpt":{"rendered":"<p>archivo En este espacio se encuentra disponible el archivo de ediciones previas de Fort\u00edn, la revista de la Universidad de la Defensa Nacional. Un lugar para revisitar los an\u00e1lisis, debates y reflexiones publicados en n\u00fameros anteriores, que permiten seguir el desarrollo del pensamiento estrat\u00e9gico, geopol\u00edtico y acad\u00e9mico en torno a la Defensa Nacional. a\u00f1o 1, [&hellip;]<\/p>\n","protected":false},"author":2,"featured_media":0,"parent":0,"menu_order":0,"comment_status":"closed","ping_status":"closed","template":"","meta":{"footnotes":""},"class_list":["post-16","page","type-page","status-publish","hentry"],"_links":{"self":[{"href":"https:\/\/undef.edu.ar\/fortin\/index.php\/wp-json\/wp\/v2\/pages\/16","targetHints":{"allow":["GET"]}}],"collection":[{"href":"https:\/\/undef.edu.ar\/fortin\/index.php\/wp-json\/wp\/v2\/pages"}],"about":[{"href":"https:\/\/undef.edu.ar\/fortin\/index.php\/wp-json\/wp\/v2\/types\/page"}],"author":[{"embeddable":true,"href":"https:\/\/undef.edu.ar\/fortin\/index.php\/wp-json\/wp\/v2\/users\/2"}],"replies":[{"embeddable":true,"href":"https:\/\/undef.edu.ar\/fortin\/index.php\/wp-json\/wp\/v2\/comments?post=16"}],"version-history":[{"count":63,"href":"https:\/\/undef.edu.ar\/fortin\/index.php\/wp-json\/wp\/v2\/pages\/16\/revisions"}],"predecessor-version":[{"id":2052,"href":"https:\/\/undef.edu.ar\/fortin\/index.php\/wp-json\/wp\/v2\/pages\/16\/revisions\/2052"}],"wp:attachment":[{"href":"https:\/\/undef.edu.ar\/fortin\/index.php\/wp-json\/wp\/v2\/media?parent=16"}],"curies":[{"name":"wp","href":"https:\/\/api.w.org\/{rel}","templated":true}]}}