{"id":1162,"date":"2025-06-05T13:45:54","date_gmt":"2025-06-05T16:45:54","guid":{"rendered":"https:\/\/undef.edu.ar\/fortin\/?page_id=1162"},"modified":"2025-06-05T14:10:04","modified_gmt":"2025-06-05T17:10:04","slug":"contacto","status":"publish","type":"page","link":"https:\/\/undef.edu.ar\/fortin\/index.php\/contacto\/","title":{"rendered":"Contacto"},"content":{"rendered":"\n<figure class=\"wp-block-image alignwide size-large\"><img loading=\"lazy\" decoding=\"async\" width=\"1024\" height=\"723\" src=\"https:\/\/undef.edu.ar\/fortin\/wp-content\/uploads\/2025\/05\/WhatsApp-Image-2025-05-19-at-10.29.09-1024x723.jpg\" alt=\"\" class=\"wp-image-799\" srcset=\"https:\/\/undef.edu.ar\/fortin\/wp-content\/uploads\/2025\/05\/WhatsApp-Image-2025-05-19-at-10.29.09-1024x723.jpg 1024w, https:\/\/undef.edu.ar\/fortin\/wp-content\/uploads\/2025\/05\/WhatsApp-Image-2025-05-19-at-10.29.09-300x212.jpg 300w, https:\/\/undef.edu.ar\/fortin\/wp-content\/uploads\/2025\/05\/WhatsApp-Image-2025-05-19-at-10.29.09-768x542.jpg 768w, https:\/\/undef.edu.ar\/fortin\/wp-content\/uploads\/2025\/05\/WhatsApp-Image-2025-05-19-at-10.29.09-1536x1084.jpg 1536w, https:\/\/undef.edu.ar\/fortin\/wp-content\/uploads\/2025\/05\/WhatsApp-Image-2025-05-19-at-10.29.09-2048x1446.jpg 2048w\" sizes=\"auto, (max-width: 1024px) 100vw, 1024px\" \/><\/figure>\n\n\n\n<div class=\"wp-block-columns is-layout-flex wp-container-core-columns-is-layout-28f84493 wp-block-columns-is-layout-flex\">\n<div class=\"wp-block-column is-layout-flow wp-block-column-is-layout-flow\"><\/div>\n<\/div>\n\n\n\n<h2 class=\"wp-block-heading alignwide\">envianos tu mensaje<\/h2>\n\n\n\n<h2 class=\"wp-block-heading alignwide\" style=\"font-size:12px;font-style:normal;font-weight:300;text-transform:none\">Complet\u00e1 el formulario y te vamos a responder lo antes posible. Tambi\u00e9n pod\u00e9s escribirnos por redes sociales o por correo electr\u00f3nico a<mark style=\"background-color:rgba(0, 0, 0, 0);color:#64aed8\" class=\"has-inline-color\"> <\/mark><mark style=\"background-color:rgba(0, 0, 0, 0);color:#3676ab\" class=\"has-inline-color\">revista.fortin@undef.edu.ar.<\/mark><\/h2>\n\n\n\n<p class=\"has-bahnschrift-font-family\" style=\"font-size:12px;font-style:normal;font-weight:300\"><\/p>\n\n\n<div style=\"display: flex; justify-content: center; padding: 10px;\">\n  <div style=\"width: 100%; max-width: 1920px; font-size: 12px;\">\n    <div class='fluentform ff-default fluentform_wrapper_1 ffs_default_wrap'><form data-form_id=\"1\" id=\"fluentform_1\" class=\"frm-fluent-form fluent_form_1 ff-el-form-top ff_form_instance_1_1 ff-form-loading ffs_default\" data-form_instance=\"ff_form_instance_1_1\" method=\"POST\" ><fieldset  style=\"border: none!important;margin: 0!important;padding: 0!important;background-color: transparent!important;box-shadow: none!important;outline: none!important; min-inline-size: 100%;\">\n                    <legend class=\"ff_screen_reader_title\" style=\"display: block; margin: 0!important;padding: 0!important;height: 0!important;text-indent: -999999px;width: 0!important;overflow:hidden;\">Contact Form Demo<\/legend><input type='hidden' name='__fluent_form_embded_post_id' value='1162' \/><input type=\"hidden\" id=\"_fluentform_1_fluentformnonce\" name=\"_fluentform_1_fluentformnonce\" value=\"3b4c8227d0\" \/><input type=\"hidden\" name=\"_wp_http_referer\" value=\"\/fortin\/index.php\/wp-json\/wp\/v2\/pages\/1162\" \/><div data-type=\"name-element\" data-name=\"names\" class=\" ff-field_container ff-name-field-wrapper\" ><div class='ff-t-container'><div class='ff-t-cell '><div class='ff-el-group'><div class='ff-el-input--content'><input type=\"text\" name=\"names[first_name]\" id=\"ff_1_names_first_name_\" class=\"ff-el-form-control\" placeholder=\"Nombre\" aria-invalid=\"false\" aria-required=false><\/div><\/div><\/div><div class='ff-t-cell '><div class='ff-el-group'><div class='ff-el-input--content'><input type=\"text\" name=\"names[last_name]\" id=\"ff_1_names_last_name_\" class=\"ff-el-form-control\" placeholder=\"Apellido\" aria-invalid=\"false\" aria-required=false><\/div><\/div><\/div><\/div><\/div><div class='ff-el-group'><div class='ff-el-input--content'><input type=\"email\" name=\"email\" id=\"ff_1_email\" class=\"ff-el-form-control\" placeholder=\"Email\" data-name=\"email\"  aria-invalid=\"false\" aria-required=true><\/div><\/div><div class='ff-el-group'><div class='ff-el-input--content'><input type=\"text\" name=\"subject\" class=\"ff-el-form-control\" placeholder=\"Asunto\" data-name=\"subject\" id=\"ff_1_subject\"  aria-invalid=\"false\" aria-required=false><\/div><\/div><div class='ff-el-group'><div class='ff-el-input--content'><textarea aria-required=\"true\" aria-labelledby=\"label_ff_1_message\" name=\"message\" id=\"ff_1_message\" class=\"ff-el-form-control\" placeholder=\"Mensaje\" rows=\"4\" cols=\"2\" data-name=\"message\" ><\/textarea><\/div><\/div><div class='ff-el-group ff-text-left ff_submit_btn_wrapper'><button type=\"submit\" class=\"ff-btn ff-btn-submit ff-btn-md ff_btn_style wpf_has_custom_css\"  aria-label=\"Enviar\">Enviar<\/button><\/div><\/fieldset><\/form><div id='fluentform_1_errors' class='ff-errors-in-stack ff_form_instance_1_1 ff-form-loading_errors ff_form_instance_1_1_errors'><\/div><\/div>            <script type=\"text\/javascript\">\n                window.fluent_form_ff_form_instance_1_1 = {\"id\":\"1\",\"settings\":{\"layout\":{\"labelPlacement\":\"top\",\"helpMessagePlacement\":\"with_label\",\"errorMessagePlacement\":\"inline\",\"cssClassName\":\"\",\"asteriskPlacement\":\"asterisk-right\"},\"restrictions\":{\"denyEmptySubmission\":{\"enabled\":false}}},\"form_instance\":\"ff_form_instance_1_1\",\"form_id_selector\":\"fluentform_1\",\"rules\":{\"names[first_name]\":{\"required\":{\"value\":false,\"message\":\"This field is required\",\"global\":false,\"global_message\":\"This field is required\"}},\"names[middle_name]\":{\"required\":{\"value\":false,\"message\":\"This field is required\",\"global\":false,\"global_message\":\"This field is required\"}},\"names[last_name]\":{\"required\":{\"value\":false,\"message\":\"This field is required\",\"global\":false,\"global_message\":\"This field is required\"}},\"email\":{\"required\":{\"value\":true,\"message\":\"This field is required\",\"global\":false,\"global_message\":\"This field is required\"},\"email\":{\"value\":true,\"message\":\"Por favor, ingres\\u00e1 un correo v\\u00e1lido\",\"global\":false,\"global_message\":\"This field must contain a valid email\"}},\"subject\":{\"required\":{\"value\":false,\"message\":\"This field is required\",\"global\":false,\"global_message\":\"This field is required\"}},\"message\":{\"required\":{\"value\":true,\"message\":\"Por favor, ingrese su mensaje\",\"global\":false,\"global_message\":\"This field is required\"}}},\"debounce_time\":300};\n                            <\/script>\n            \n  <\/div>\n<\/div>\n\n\n<div class=\"wp-block-columns is-layout-flex wp-container-core-columns-is-layout-28f84493 wp-block-columns-is-layout-flex\">\n<div class=\"wp-block-column is-layout-flow wp-block-column-is-layout-flow\"><\/div>\n<\/div>\n\n\n\n<div class=\"wp-block-group alignfull has-background-background-color has-background has-global-padding is-content-justification-center is-layout-constrained wp-container-core-group-is-layout-df757ecc wp-block-group-is-layout-constrained\" style=\"margin-top:0;margin-bottom:0;padding-top:calc( 0.5 * var(--wp--style--root--padding-right, var(--wp--custom--gap--horizontal)));padding-right:var(--wp--style--root--padding-right, var(--wp--custom--gap--horizontal));padding-bottom:calc( 0.5 * var(--wp--style--root--padding-right, var(--wp--custom--gap--horizontal)));padding-left:var(--wp--style--root--padding-left, var(--wp--custom--gap--horizontal))\">\n<hr class=\"wp-block-separator alignfull has-alpha-channel-opacity is-style-wide\" style=\"margin-top:0;margin-bottom:0\"\/>\n\n\n\n<h2 class=\"wp-block-heading alignwide has-primary-color has-text-color has-link-color has-bahnschrift-font-family wp-elements-e3b5217dbc3f8ab3158356e27ce2dfeb\" style=\"margin-top:var(--wp--preset--spacing--80);font-size:clamp(14.082px, 0.88rem + ((1vw - 3.2px) * 1.017), 21px);font-style:normal;font-weight:300;text-transform:uppercase\">Contacto<\/h2>\n\n\n\n<h2 class=\"wp-block-heading alignwide has-primary-color has-text-color has-link-color has-bahnschrift-font-family wp-elements-dc5dfb513aff1fb036525a2db81c8f1b\" style=\"font-size:14px;font-style:normal;font-weight:300;text-transform:none\">011 4326 0422<br>Maip\u00fa 262 &#8211; 1\u00ba Piso (C1084ABF)<br>Ciudad Aut\u00f3noma de Buenos Aires, Argentina<br>revista.fortin@undef.edu.ar<br><\/h2>\n\n\n\n<div class=\"wp-block-columns alignwide is-layout-flex wp-container-core-columns-is-layout-28f84493 wp-block-columns-is-layout-flex\">\n<div class=\"wp-block-column has-small-font-size is-layout-flow wp-container-core-column-is-layout-6b73ce23 wp-block-column-is-layout-flow\">\n<h3 class=\"wp-block-heading has-text-align-left has-small-font-size\">Facultades UNDEF<\/h3>\n\n\n\n<p class=\"has-text-align-left\"><a href=\"https:\/\/fe.undef.edu.ar\/\">Facultad del Ej\u00e9rcito<\/a><\/p>\n\n\n\n<p><a href=\"http:\/\/fadara.armada.mil.ar\">Facultad de la Armada<\/a><\/p>\n\n\n\n<p><a href=\"https:\/\/www.esga.mil.ar\/FFA\/\">Facultad de la Fuerza A\u00e9rea<\/a><\/p>\n<\/div>\n\n\n\n<div class=\"wp-block-column has-small-font-size is-layout-flow wp-container-core-column-is-layout-6b73ce23 wp-block-column-is-layout-flow\">\n<h3 class=\"wp-block-heading has-text-align-left has-small-font-size\"><\/h3>\n\n\n\n<p class=\"has-text-align-left\"><a href=\"https:\/\/undef.edu.ar\/fmc\/home.php\">Facultad Militar Conjunta<\/a><\/p>\n\n\n\n<p><a href=\"https:\/\/www.undef.edu.ar\/fadena\/\">Facultad de la Defensa Nacional<\/a><\/p>\n\n\n\n<p><a href=\"https:\/\/www.fie.undef.edu.ar\/\">Facultad de Ingenier\u00eda del Ej\u00e9rcito<\/a><\/p>\n\n\n\n<p><a href=\"https:\/\/www.iua.edu.ar\/\">Centro Regional Universitario C\u00f3rdoba (IUA)<\/a><\/p>\n<\/div>\n\n\n\n<div class=\"wp-block-column has-small-font-size is-layout-flow wp-container-core-column-is-layout-6b73ce23 wp-block-column-is-layout-flow\">\n<h3 class=\"wp-block-heading has-text-align-left has-small-font-size\">Sitios de inter\u00e9s<\/h3>\n\n\n\n<p class=\"has-text-align-left\"><a href=\"https:\/\/www.argentina.gob.ar\/defensa\">Ministerio de Defensa<\/a><\/p>\n\n\n\n<p><a href=\"https:\/\/www.argentina.gob.ar\/defensa\/ejercito\">Ej\u00e9rcito Argentino<\/a><\/p>\n\n\n\n<p><a href=\"https:\/\/www.argentina.gob.ar\/defensa\/armada\">Armada Argentina<\/a><\/p>\n\n\n\n<p><a href=\"https:\/\/www.argentina.gob.ar\/fuerzaaerea\">Fuerza A\u00e9rea Argentina<\/a><\/p>\n\n\n\n<p><a href=\"https:\/\/www.fuerzas-armadas.mil.ar\/\">Estado Mayor Conjunto<\/a><\/p>\n<\/div>\n\n\n\n<div class=\"wp-block-column has-small-font-size is-layout-flow wp-container-core-column-is-layout-6b73ce23 wp-block-column-is-layout-flow\">\n<h3 class=\"wp-block-heading has-text-align-left has-small-font-size\">Redes sociales<\/h3>\n\n\n\n<p class=\"has-text-align-left\"><a href=\"https:\/\/www.instagram.com\/undef.arg\/\">Instagram<\/a><\/p>\n\n\n\n<p class=\"has-text-align-left\"><a href=\"https:\/\/www.linkedin.com\/school\/undef-ar\">Linkedin<\/a><\/p>\n\n\n\n<p><a href=\"https:\/\/www.facebook.com\/UNDEFArgentina\/?locale=es_LA\">Facebook<\/a><\/p>\n\n\n\n<p><a href=\"https:\/\/x.com\/UNDEFArgentina\">X \/ Twitter<\/a><\/p>\n<\/div>\n<\/div>\n\n\n\n<h2 class=\"wp-block-heading alignwide has-primary-color has-text-color has-link-color has-bahnschrift-font-family wp-elements-eff3f6b5a6ad996c7096ee30418fc17b\" style=\"padding-top:var(--wp--preset--spacing--50);padding-bottom:var(--wp--preset--spacing--50);font-size:11px;font-style:normal;font-weight:300;text-transform:none\">Algunas de las im\u00e1genes incluidas en esta edici\u00f3n han sido generadas o intervenidas t\u00e9cnica y art\u00edsticamente, de forma parcial o total, mediante el uso de Inteligencia Artificial (IA). Este recurso se ha utilizado con el fin de ilustrar contenidos hist\u00f3ricos o conceptuales, manteniendo siempre el respeto por la tem\u00e1tica abordada. Dada su naturaleza de recreaci\u00f3n digital, estas piezas se proponen como una interpretaci\u00f3n est\u00e9tica para acompa\u00f1ar el relato, pudiendo diferir de la precisi\u00f3n documental en pos de su valor narrativo.<br><\/h2>\n\n\n\n<div class=\"wp-block-group alignwide is-content-justification-left is-layout-flex wp-container-core-group-is-layout-511dfc4a wp-block-group-is-layout-flex\" style=\"padding-top:var(--wp--preset--spacing--80);padding-bottom:var(--wp--preset--spacing--60)\">\n<figure class=\"wp-block-image size-full is-resized\"><a href=\"https:\/\/undef.edu.ar\/fortin\"><img loading=\"lazy\" decoding=\"async\" width=\"777\" height=\"215\" src=\"https:\/\/undef.edu.ar\/fortin\/wp-content\/uploads\/2025\/05\/loguito-48.png\" alt=\"\" class=\"wp-image-894\" style=\"width:95px\" srcset=\"https:\/\/undef.edu.ar\/fortin\/wp-content\/uploads\/2025\/05\/loguito-48.png 777w, https:\/\/undef.edu.ar\/fortin\/wp-content\/uploads\/2025\/05\/loguito-48-300x83.png 300w, https:\/\/undef.edu.ar\/fortin\/wp-content\/uploads\/2025\/05\/loguito-48-768x213.png 768w\" sizes=\"auto, (max-width: 777px) 100vw, 777px\" \/><\/a><\/figure>\n\n\n\n<figure class=\"wp-block-image size-large is-resized\"><a href=\"https:\/\/undef.edu.ar\/editorial\/\"><img loading=\"lazy\" decoding=\"async\" width=\"1024\" height=\"428\" src=\"https:\/\/undef.edu.ar\/fortin\/wp-content\/uploads\/2025\/05\/UNDEF-Libros-Fondo-Claro-1024x428.png\" alt=\"\" class=\"wp-image-789\" style=\"width:70px\" srcset=\"https:\/\/undef.edu.ar\/fortin\/wp-content\/uploads\/2025\/05\/UNDEF-Libros-Fondo-Claro-1024x428.png 1024w, https:\/\/undef.edu.ar\/fortin\/wp-content\/uploads\/2025\/05\/UNDEF-Libros-Fondo-Claro-300x125.png 300w, https:\/\/undef.edu.ar\/fortin\/wp-content\/uploads\/2025\/05\/UNDEF-Libros-Fondo-Claro-768x321.png 768w, https:\/\/undef.edu.ar\/fortin\/wp-content\/uploads\/2025\/05\/UNDEF-Libros-Fondo-Claro-1536x642.png 1536w, https:\/\/undef.edu.ar\/fortin\/wp-content\/uploads\/2025\/05\/UNDEF-Libros-Fondo-Claro.png 2042w\" sizes=\"auto, (max-width: 1024px) 100vw, 1024px\" \/><\/a><\/figure>\n\n\n\n<figure class=\"wp-block-image size-full is-resized\"><img loading=\"lazy\" decoding=\"async\" width=\"801\" height=\"1000\" src=\"https:\/\/undef.edu.ar\/fortin\/wp-content\/uploads\/2025\/06\/ISOLOGO-UNDEF-800x1000-1.png\" alt=\"\" class=\"wp-image-1536\" style=\"width:32px;height:auto\" srcset=\"https:\/\/undef.edu.ar\/fortin\/wp-content\/uploads\/2025\/06\/ISOLOGO-UNDEF-800x1000-1.png 801w, https:\/\/undef.edu.ar\/fortin\/wp-content\/uploads\/2025\/06\/ISOLOGO-UNDEF-800x1000-1-240x300.png 240w, https:\/\/undef.edu.ar\/fortin\/wp-content\/uploads\/2025\/06\/ISOLOGO-UNDEF-800x1000-1-768x959.png 768w\" sizes=\"auto, (max-width: 801px) 100vw, 801px\" \/><\/figure>\n\n\n\n<div class=\"wp-block-group is-nowrap is-layout-flex wp-container-core-group-is-layout-6c531013 wp-block-group-is-layout-flex\">\n<div class=\"wp-block-group has-small-font-size is-nowrap is-layout-flex wp-container-core-group-is-layout-6c531013 wp-block-group-is-layout-flex\">\n<p class=\"has-secondary-color has-text-color has-link-color has-bahnschrift-font-family wp-elements-1f815e5391b7fa0b7f2579403eb2a1c4\" style=\"font-size:0.6rem;font-style:normal;font-weight:300\"><a href=\"https:\/\/undef.edu.ar\/oferta-academica\/\" data-type=\"link\" data-id=\"https:\/\/undef.edu.ar\/oferta-academica\/\">Oferta Acad\u00e9mica UNDEF<\/a><\/p>\n<\/div>\n<\/div>\n\n\n\n<p class=\"has-secondary-color has-text-color has-link-color has-bahnschrift-font-family wp-elements-a7b984f275c2a3ee71abc880896ea01b\" style=\"font-size:0.6rem;font-style:normal;font-weight:300\"><a href=\"https:\/\/undef.edu.ar\/fortin\/index.php\/politica-de-privacidad\/\">Pol\u00edtica de privacidad<\/a><\/p>\n\n\n\n<p class=\"has-text-align-center has-bahnschrift-font-family\" style=\"font-size:0.6rem;font-style:normal;font-weight:300\">Copyright \u00a9 2026 \u2014<strong>&nbsp;<\/strong>Todos los derechos reservados<\/p>\n\n\n\n<p class=\"has-bahnschrift-font-family\" style=\"font-size:0.6rem;font-style:normal;font-weight:300\"><strong>REVISTA FORT\u00cdN\\    ISSN 3072-8827<\/strong><\/p>\n<\/div>\n<\/div>\n","protected":false},"excerpt":{"rendered":"<p>envianos tu mensaje Complet\u00e1 el formulario y te vamos a responder lo antes posible. Tambi\u00e9n pod\u00e9s escribirnos por redes sociales o por correo electr\u00f3nico a revista.fortin@undef.edu.ar.<\/p>\n","protected":false},"author":2,"featured_media":0,"parent":0,"menu_order":0,"comment_status":"closed","ping_status":"closed","template":"","meta":{"footnotes":""},"class_list":["post-1162","page","type-page","status-publish","hentry"],"_links":{"self":[{"href":"https:\/\/undef.edu.ar\/fortin\/index.php\/wp-json\/wp\/v2\/pages\/1162","targetHints":{"allow":["GET"]}}],"collection":[{"href":"https:\/\/undef.edu.ar\/fortin\/index.php\/wp-json\/wp\/v2\/pages"}],"about":[{"href":"https:\/\/undef.edu.ar\/fortin\/index.php\/wp-json\/wp\/v2\/types\/page"}],"author":[{"embeddable":true,"href":"https:\/\/undef.edu.ar\/fortin\/index.php\/wp-json\/wp\/v2\/users\/2"}],"replies":[{"embeddable":true,"href":"https:\/\/undef.edu.ar\/fortin\/index.php\/wp-json\/wp\/v2\/comments?post=1162"}],"version-history":[{"count":13,"href":"https:\/\/undef.edu.ar\/fortin\/index.php\/wp-json\/wp\/v2\/pages\/1162\/revisions"}],"predecessor-version":[{"id":1180,"href":"https:\/\/undef.edu.ar\/fortin\/index.php\/wp-json\/wp\/v2\/pages\/1162\/revisions\/1180"}],"wp:attachment":[{"href":"https:\/\/undef.edu.ar\/fortin\/index.php\/wp-json\/wp\/v2\/media?parent=1162"}],"curies":[{"name":"wp","href":"https:\/\/api.w.org\/{rel}","templated":true}]}}