{"id":1063,"date":"2025-05-22T10:33:04","date_gmt":"2025-05-22T13:33:04","guid":{"rendered":"https:\/\/undef.edu.ar\/fortin\/?page_id=1063"},"modified":"2025-11-27T09:03:54","modified_gmt":"2025-11-27T12:03:54","slug":"acerca-de-fortin","status":"publish","type":"page","link":"https:\/\/undef.edu.ar\/fortin\/index.php\/acerca-de-fortin\/","title":{"rendered":"Acerca de FORT\u00cdN\\"},"content":{"rendered":"<div class=\"wp-block-column is-vertically-aligned-top\">\r\n<h2 class=\"wp-block-heading\">\u00a0<\/h2>\r\n<h2><img loading=\"lazy\" decoding=\"async\" class=\"alignnone wp-image-1100 size-full\" src=\"https:\/\/undef.edu.ar\/fortin\/wp-content\/uploads\/2025\/05\/84114_1165_original-scaled.jpg\" alt=\"\" width=\"2560\" height=\"1168\" srcset=\"https:\/\/undef.edu.ar\/fortin\/wp-content\/uploads\/2025\/05\/84114_1165_original-scaled.jpg 2560w, https:\/\/undef.edu.ar\/fortin\/wp-content\/uploads\/2025\/05\/84114_1165_original-300x137.jpg 300w, https:\/\/undef.edu.ar\/fortin\/wp-content\/uploads\/2025\/05\/84114_1165_original-1024x467.jpg 1024w, https:\/\/undef.edu.ar\/fortin\/wp-content\/uploads\/2025\/05\/84114_1165_original-768x350.jpg 768w, https:\/\/undef.edu.ar\/fortin\/wp-content\/uploads\/2025\/05\/84114_1165_original-1536x701.jpg 1536w, https:\/\/undef.edu.ar\/fortin\/wp-content\/uploads\/2025\/05\/84114_1165_original-2048x935.jpg 2048w\" sizes=\"auto, (max-width: 2560px) 100vw, 2560px\" \/><\/h2>\r\n<h2 class=\"wp-block-heading\">Acerca de FORT\u00cdN\\<\/h2>\r\n<!-- \/wp:post-content -->\r\n\r\n<!-- wp:paragraph -->FORT\u00cdN\\ es una revista digital impulsada por el Ministerio de Defensa de la Naci\u00f3n y la Universidad de la Defensa Nacional (UNDEF), cuyo prop\u00f3sito es contribuir a la construcci\u00f3n de pensamiento cr\u00edtico y estrat\u00e9gico sobre las pol\u00edticas de defensa en Argentina y en Am\u00e9rica Latina. <!-- \/wp:paragraph -->\r\n\r\n<!-- wp:paragraph -->La revista nace de la necesidad de abrir un espacio de reflexi\u00f3n p\u00fablica y plural en torno a los desaf\u00edos contempor\u00e1neos que enfrenta el campo de la defensa, en un contexto nacional, regional e internacional en transformaci\u00f3n. Frente a los nuevos escenarios, los cambios normativos, las tensiones geopol\u00edticas y las redefiniciones doctrinarias, FORT\u00cdN\\ propone un abordaje interdisciplinario que articule miradas provenientes del mundo acad\u00e9mico, pol\u00edtico, profesional y t\u00e9cnico-militar.<\/div>\r\n<div class=\"wp-block-column is-vertically-aligned-top\"><!-- \/wp:paragraph --><\/div>\r\n<!-- \/wp:column -->\r\n\r\n<!-- wp:column {\"verticalAlignment\":\"top\",\"width\":\"40%\"} -->\r\n<div class=\"wp-block-column is-vertically-aligned-top\" style=\"flex-basis: 40%;\">Cada n\u00famero de la revista se organiza en torno a un eje tem\u00e1tico central que orienta la producci\u00f3n de contenidos. Estos ejes, definidos a partir de debates actuales en torno al rol del Estado, la soberan\u00eda, la normativa vigente, el equipamiento de las Fuerzas Armadas, las amenazas complejas y el v\u00ednculo entre defensa y sociedad, buscan generar lecturas m\u00faltiples y conectadas entre s\u00ed. Lejos de una perspectiva tecnocr\u00e1tica o meramente operativa, FORT\u00cdN\\ se posiciona como una herramienta para la construcci\u00f3n de ciudadan\u00eda cr\u00edtica, institucionalidad democr\u00e1tica y pensamiento estrat\u00e9gico nacional.<\/div>\r\n<div class=\"wp-block-column is-vertically-aligned-top\" style=\"flex-basis: 40%;\"><!-- \/wp:paragraph -->\r\n\r\n<!-- wp:heading {\"level\":3,\"className\":\"\"} -->\r\n<h3 class=\"wp-block-heading\">Perspectiva editorial<\/h3>\r\n<!-- \/wp:heading -->\r\n\r\n<!-- wp:paragraph {\"className\":\"\"} --> FORT\u00cdN\\ parte de una concepci\u00f3n amplia de la defensa nacional, entendida no como un dispositivo exclusivamente militar sino como una pol\u00edtica p\u00fablica estructurante del proyecto de pa\u00eds. Esto implica reconocer la defensa como una dimensi\u00f3n soberana del Estado, atravesada por disputas ideol\u00f3gicas, decisiones presupuestarias, prioridades geoestrat\u00e9gicas, debates legislativos y desaf\u00edos institucionales. En esa l\u00ednea, la revista se inscribe en una tradici\u00f3n democr\u00e1tica que promueve el control civil, la transparencia, la participaci\u00f3n ciudadana y la integraci\u00f3n regional como pilares fundamentales para la legitimidad de las pol\u00edticas de defensa. <!-- \/wp:paragraph -->\r\n\r\n<!-- wp:heading {\"level\":3,\"className\":\"\"} -->\r\n<h3 class=\"wp-block-heading\">A qui\u00e9nes nos dirigimos<\/h3>\r\n<!-- \/wp:heading -->\r\n\r\n<!-- wp:paragraph {\"className\":\"\"} --> La revista est\u00e1 dirigida a un p\u00fablico amplio pero especialmente a quienes, desde diferentes lugares \u2014universidades, instituciones del Estado, centros de investigaci\u00f3n, organismos internacionales, organizaciones sociales y fuerzas armadas\u2014, participan de los debates sobre defensa y seguridad regional. Tambi\u00e9n busca ser una herramienta pedag\u00f3gica para estudiantes y docentes del sistema educativo nacional, en particular de la Universidad de la Defensa Nacional, contribuyendo a la formaci\u00f3n de profesionales comprometidos con el fortalecimiento de las capacidades estrat\u00e9gicas del pa\u00eds.<\/div>\r\n<div>\u00a0<\/div>\r\n<div><strong>STAFF<\/strong><\/div>\r\n<div class=\"wp-block-column is-vertically-aligned-top\" style=\"flex-basis: 40%;\"><!-- \/wp:paragraph -->\r\n\r\n<!-- wp:paragraph {\"className\":\"\"} --><\/div>\r\n<div class=\"wp-block-column is-vertically-aligned-top\" style=\"flex-basis: 40%;\"><strong>Direcci\u00f3n ejecutiva:<br \/><\/strong>David Zeigner<br \/><strong>Direcci\u00f3n editorial<\/strong>:<br \/>Lic. Sebasti\u00e1n Zaccar\u00eda<br \/><strong>Consejo editorial<\/strong>:<br \/>Abg. Hern\u00e1n Isasmendi, Dr. Daniel Esteban, Mag. Ver\u00f3nica Mulle, Lic. David Zeigner, Dr. Justino Bertotto, Dra. Olga Cavalli<\/div>\r\n<div>\u00a0<\/div>\r\n<div>Coordinaci\u00f3n editorial: Luciano Zaldarriaga<br \/>Asistente de redacci\u00f3n: Santiago Pedrero \/ Laxmi Asnani<br \/>Dise\u00f1o: Gonzalo Restrepo<\/div>\r\n<div>\u00a0<\/div>\r\n<div><strong>Revista FORT\u00cdN\\\u00a0 \u00a0ISSN 3072-8827 <\/strong><\/div>","protected":false},"excerpt":{"rendered":"<p>\u00a0 Acerca de FORT\u00cdN\\ FORT\u00cdN\\ es una revista digital impulsada por el Ministerio de Defensa de la Naci\u00f3n y la Universidad de la Defensa Nacional (UNDEF), cuyo prop\u00f3sito es contribuir a la construcci\u00f3n de pensamiento cr\u00edtico y estrat\u00e9gico sobre las pol\u00edticas de defensa en Argentina y en Am\u00e9rica Latina. La revista nace de la necesidad [&hellip;]<\/p>\n","protected":false},"author":2,"featured_media":0,"parent":0,"menu_order":0,"comment_status":"closed","ping_status":"closed","template":"","meta":{"footnotes":""},"class_list":["post-1063","page","type-page","status-publish","hentry"],"_links":{"self":[{"href":"https:\/\/undef.edu.ar\/fortin\/index.php\/wp-json\/wp\/v2\/pages\/1063","targetHints":{"allow":["GET"]}}],"collection":[{"href":"https:\/\/undef.edu.ar\/fortin\/index.php\/wp-json\/wp\/v2\/pages"}],"about":[{"href":"https:\/\/undef.edu.ar\/fortin\/index.php\/wp-json\/wp\/v2\/types\/page"}],"author":[{"embeddable":true,"href":"https:\/\/undef.edu.ar\/fortin\/index.php\/wp-json\/wp\/v2\/users\/2"}],"replies":[{"embeddable":true,"href":"https:\/\/undef.edu.ar\/fortin\/index.php\/wp-json\/wp\/v2\/comments?post=1063"}],"version-history":[{"count":13,"href":"https:\/\/undef.edu.ar\/fortin\/index.php\/wp-json\/wp\/v2\/pages\/1063\/revisions"}],"predecessor-version":[{"id":1541,"href":"https:\/\/undef.edu.ar\/fortin\/index.php\/wp-json\/wp\/v2\/pages\/1063\/revisions\/1541"}],"wp:attachment":[{"href":"https:\/\/undef.edu.ar\/fortin\/index.php\/wp-json\/wp\/v2\/media?parent=1063"}],"curies":[{"name":"wp","href":"https:\/\/api.w.org\/{rel}","templated":true}]}}