{"id":22343,"date":"2025-09-05T21:43:26","date_gmt":"2025-09-05T21:43:26","guid":{"rendered":"https:\/\/undef.edu.ar\/fadena-web\/?page_id=22343"},"modified":"2026-02-23T14:34:19","modified_gmt":"2026-02-23T14:34:19","slug":"contacto","status":"publish","type":"page","link":"https:\/\/undef.edu.ar\/fadena\/contacto\/","title":{"rendered":"contacto"},"content":{"rendered":"\t\t<div data-elementor-type=\"wp-page\" data-elementor-id=\"22343\" class=\"elementor elementor-22343\">\n\t\t\t\t<div class=\"elementor-element elementor-element-fe48819 e-con-full e-flex parallax_section_no qode_elementor_container_no e-con e-parent\" data-id=\"fe48819\" data-element_type=\"container\" data-e-type=\"container\">\n\t\t<div class=\"elementor-element elementor-element-abde250 e-con-full e-flex parallax_section_no qode_elementor_container_no e-con e-child\" data-id=\"abde250\" data-element_type=\"container\" data-e-type=\"container\">\n\t\t\t\t<div class=\"elementor-element elementor-element-db67b79 elementor-hidden-desktop elementor-widget elementor-widget-image\" data-id=\"db67b79\" data-element_type=\"widget\" data-e-type=\"widget\" data-widget_type=\"image.default\">\n\t\t\t\t<div class=\"elementor-widget-container\">\n\t\t\t\t\t\t\t\t\t\t\t\t\t\t\t<img fetchpriority=\"high\" decoding=\"async\" width=\"1024\" height=\"683\" src=\"https:\/\/undef.edu.ar\/fadena\/wp-content\/uploads\/2025\/09\/Anexo-Header-Autoridades-XL-1024x683.jpg\" class=\"attachment-large size-large wp-image-22792\" alt=\"\" srcset=\"https:\/\/undef.edu.ar\/fadena\/wp-content\/uploads\/2025\/09\/Anexo-Header-Autoridades-XL-1024x683.jpg 1024w, https:\/\/undef.edu.ar\/fadena\/wp-content\/uploads\/2025\/09\/Anexo-Header-Autoridades-XL-300x200.jpg 300w, https:\/\/undef.edu.ar\/fadena\/wp-content\/uploads\/2025\/09\/Anexo-Header-Autoridades-XL-768x512.jpg 768w, https:\/\/undef.edu.ar\/fadena\/wp-content\/uploads\/2025\/09\/Anexo-Header-Autoridades-XL-1536x1024.jpg 1536w, https:\/\/undef.edu.ar\/fadena\/wp-content\/uploads\/2025\/09\/Anexo-Header-Autoridades-XL-2048x1365.jpg 2048w, https:\/\/undef.edu.ar\/fadena\/wp-content\/uploads\/2025\/09\/Anexo-Header-Autoridades-XL-700x467.jpg 700w, https:\/\/undef.edu.ar\/fadena\/wp-content\/uploads\/2025\/09\/Anexo-Header-Autoridades-XL-600x400.jpg 600w\" sizes=\"(max-width: 1024px) 100vw, 1024px\" \/>\t\t\t\t\t\t\t\t\t\t\t\t\t\t\t<\/div>\n\t\t\t\t<\/div>\n\t\t\t\t<div class=\"elementor-element elementor-element-8713872 elementor-hidden-tablet elementor-hidden-mobile elementor-widget elementor-widget-image\" data-id=\"8713872\" data-element_type=\"widget\" data-e-type=\"widget\" data-widget_type=\"image.default\">\n\t\t\t\t<div class=\"elementor-widget-container\">\n\t\t\t\t\t\t\t\t\t\t\t\t\t\t\t<img decoding=\"async\" width=\"500\" height=\"1000\" src=\"https:\/\/undef.edu.ar\/fadena\/wp-content\/uploads\/2025\/09\/Undef-Portada-scaled-1-e1759242124965-500x1000.jpg\" class=\"attachment-portfolio_masonry_tall size-portfolio_masonry_tall wp-image-22738\" alt=\"\" srcset=\"https:\/\/undef.edu.ar\/fadena\/wp-content\/uploads\/2025\/09\/Undef-Portada-scaled-1-e1759242124965-500x1000.jpg 500w, https:\/\/undef.edu.ar\/fadena\/wp-content\/uploads\/2025\/09\/Undef-Portada-scaled-1-e1759242124965-650x1300.jpg 650w\" sizes=\"(max-width: 500px) 100vw, 500px\" \/>\t\t\t\t\t\t\t\t\t\t\t\t\t\t\t<\/div>\n\t\t\t\t<\/div>\n\t\t\t\t<\/div>\n\t\t<div class=\"elementor-element elementor-element-9e0f959 e-con-full e-flex parallax_section_no qode_elementor_container_no e-con e-child\" data-id=\"9e0f959\" data-element_type=\"container\" data-e-type=\"container\">\n\t\t\t\t<div class=\"elementor-element elementor-element-559c7b8 elementor-widget elementor-widget-heading\" data-id=\"559c7b8\" data-element_type=\"widget\" data-e-type=\"widget\" data-widget_type=\"heading.default\">\n\t\t\t\t<div class=\"elementor-widget-container\">\n\t\t\t\t\t<h2 class=\"elementor-heading-title elementor-size-default\"><span style=\"color: #243350\">CONTACTO<\/span> <span style=\"color: #315895\">FADENA<\/span>\n<\/h2>\t\t\t\t<\/div>\n\t\t\t\t<\/div>\n\t\t\t\t<div class=\"elementor-element elementor-element-93c4380 elementor-widget elementor-widget-text-editor\" data-id=\"93c4380\" data-element_type=\"widget\" data-e-type=\"widget\" data-widget_type=\"text-editor.default\">\n\t\t\t\t<div class=\"elementor-widget-container\">\n\t\t\t\t\t\t\t\t\t<p data-start=\"107\" data-end=\"286\">Para consultas generales, sugerencias o solicitudes de informaci\u00f3n, puede comunicarse con nosotros a trav\u00e9s del siguiente formulario o por los canales habituales de la Facultad.<\/p><p data-start=\"288\" data-end=\"389\">Nuestro equipo se compromete a brindar una respuesta <strong data-start=\"341\" data-end=\"386\">dentro de las siguientes 24 horas h\u00e1biles<\/strong>.<\/p><p data-start=\"391\" data-end=\"431\">Agradecemos su inter\u00e9s y colaboraci\u00f3n.<\/p>\t\t\t\t\t\t\t\t<\/div>\n\t\t\t\t<\/div>\n\t\t\t\t<div class=\"elementor-element elementor-element-a22b23d elementor-widget elementor-widget-qi_addons_for_elementor_contact_form_7\" data-id=\"a22b23d\" data-element_type=\"widget\" data-e-type=\"widget\" data-widget_type=\"qi_addons_for_elementor_contact_form_7.default\">\n\t\t\t\t<div class=\"elementor-widget-container\">\n\t\t\t\t\t<div class=\"qodef-shortcode qodef-m qodef-qi-contact-form-7\">\n\t\n<div class=\"wpcf7 no-js\" id=\"wpcf7-f18583-o1\" lang=\"es-ES\" dir=\"ltr\" data-wpcf7-id=\"18583\">\n<div class=\"screen-reader-response\"><p role=\"status\" aria-live=\"polite\" aria-atomic=\"true\"><\/p> <ul><\/ul><\/div>\n<form action=\"\/fadena\/wp-json\/wp\/v2\/pages\/22343#wpcf7-f18583-o1\" method=\"post\" class=\"wpcf7-form init\" aria-label=\"Formulario de contacto\" novalidate=\"novalidate\" data-status=\"init\">\n<fieldset class=\"hidden-fields-container\"><input type=\"hidden\" name=\"_wpcf7\" value=\"18583\" \/><input type=\"hidden\" name=\"_wpcf7_version\" value=\"6.1.5\" \/><input type=\"hidden\" name=\"_wpcf7_locale\" value=\"es_ES\" \/><input type=\"hidden\" name=\"_wpcf7_unit_tag\" value=\"wpcf7-f18583-o1\" \/><input type=\"hidden\" name=\"_wpcf7_container_post\" value=\"0\" \/><input type=\"hidden\" name=\"_wpcf7_posted_data_hash\" value=\"\" \/><input type=\"hidden\" name=\"_wpcf7_recaptcha_response\" value=\"\" \/>\n<\/fieldset>\n<div class=\"fila-doble\">\n  <span class=\"wpcf7-form-control-wrap\" data-name=\"your-name\"><input size=\"40\" maxlength=\"400\" class=\"wpcf7-form-control wpcf7-text wpcf7-validates-as-required\" aria-required=\"true\" aria-invalid=\"false\" placeholder=\"Nombre\" value=\"\" type=\"text\" name=\"your-name\" \/><\/span>\n  <span class=\"wpcf7-form-control-wrap\" data-name=\"your-lastname\"><input size=\"40\" maxlength=\"400\" class=\"wpcf7-form-control wpcf7-text wpcf7-validates-as-required\" aria-required=\"true\" aria-invalid=\"false\" placeholder=\"Apellido\" value=\"\" type=\"text\" name=\"your-lastname\" \/><\/span>\n<\/div>\n\n<span class=\"wpcf7-form-control-wrap\" data-name=\"your-email\"><input size=\"40\" maxlength=\"400\" class=\"wpcf7-form-control wpcf7-email wpcf7-validates-as-required wpcf7-text wpcf7-validates-as-email\" aria-required=\"true\" aria-invalid=\"false\" placeholder=\"Correo electr\u00f3nico\" value=\"\" type=\"email\" name=\"your-email\" \/><\/span>\n\n<span class=\"wpcf7-form-control-wrap\" data-name=\"departamento\"><select class=\"wpcf7-form-control wpcf7-select wpcf7-validates-as-required\" aria-required=\"true\" aria-invalid=\"false\" name=\"departamento\"><option value=\"Seleccionar opci\u00f3n\">Seleccionar opci\u00f3n<\/option><option value=\"Licenciatura en Defensa Nacional\">Licenciatura en Defensa Nacional<\/option><option value=\"Licenciatura en Ciberdefensa\">Licenciatura en Ciberdefensa<\/option><option value=\"Licenciatura en Gesti\u00f3n P\u00fablica\">Licenciatura en Gesti\u00f3n P\u00fablica<\/option><option value=\"Doctorado en defensa\">Doctorado en defensa<\/option><option value=\"Maestr\u00eda en defensa\">Maestr\u00eda en defensa<\/option><option value=\"Especializaci\u00f3n en producci\u00f3n de informaci\u00f3n estrat\u00e9gica\">Especializaci\u00f3n en producci\u00f3n de informaci\u00f3n estrat\u00e9gica<\/option><option value=\"Especializaci\u00f3n en Gesti\u00f3n para la defensa\">Especializaci\u00f3n en Gesti\u00f3n para la defensa<\/option><option value=\"Curso superior\">Curso superior<\/option><option value=\"Solicitudes y consultas al dpto de alumnos\">Solicitudes y consultas al dpto de alumnos<\/option><option value=\"Informaci\u00f3n General\">Informaci\u00f3n General<\/option><\/select><\/span>\n\n\n<span class=\"wpcf7-form-control-wrap\" data-name=\"your-message\"><textarea cols=\"40\" rows=\"10\" maxlength=\"2000\" class=\"wpcf7-form-control wpcf7-textarea\" aria-invalid=\"false\" placeholder=\"Mensaje\" name=\"your-message\"><\/textarea><\/span>\n\n<input class=\"wpcf7-form-control wpcf7-submit has-spinner\" type=\"submit\" value=\"Enviar\" \/><div class=\"wpcf7-response-output\" aria-hidden=\"true\"><\/div>\n<\/form>\n<\/div>\n<\/div>\n\t\t\t\t<\/div>\n\t\t\t\t<\/div>\n\t\t\t\t<div class=\"elementor-element elementor-element-65a7f3f elementor-widget elementor-widget-text-editor\" data-id=\"65a7f3f\" data-element_type=\"widget\" data-e-type=\"widget\" data-widget_type=\"text-editor.default\">\n\t\t\t\t<div class=\"elementor-widget-container\">\n\t\t\t\t\t\t\t\t\t<div class=\"col\"><img decoding=\"async\" src=\"https:\/\/www.undef.edu.ar\/fadena\/wp-content\/themes\/FADENA-theme\/images\/contactoIconoMail.png\" alt=\"\" \/>\u00a0<a href=\"https:\/\/www.undef.edu.ar\/fadena\/contacto\/#\">info@fadena.undef.edu.ar<\/a><\/div><div class=\"col\"><img decoding=\"async\" src=\"https:\/\/www.undef.edu.ar\/fadena\/wp-content\/themes\/FADENA-theme\/images\/contactoIconoLugar.png\" alt=\"\" \/>\u00a0Maip\u00fa 262 (C1084ABF), Ciudad Aut\u00f3noma de Buenos Aires<\/div>\t\t\t\t\t\t\t\t<\/div>\n\t\t\t\t<\/div>\n\t\t\t\t<div class=\"elementor-element elementor-element-0427777 elementor-shape-circle elementor-grid-3 e-grid-align-left elementor-widget elementor-widget-social-icons\" data-id=\"0427777\" data-element_type=\"widget\" data-e-type=\"widget\" data-widget_type=\"social-icons.default\">\n\t\t\t\t<div class=\"elementor-widget-container\">\n\t\t\t\t\t\t\t<div class=\"elementor-social-icons-wrapper elementor-grid\" role=\"list\">\n\t\t\t\t\t\t\t<span class=\"elementor-grid-item\" role=\"listitem\">\n\t\t\t\t\t<a class=\"elementor-icon elementor-social-icon elementor-social-icon-facebook elementor-repeater-item-cc7c366\" target=\"_blank\">\n\t\t\t\t\t\t<span class=\"elementor-screen-only\">Facebook<\/span>\n\t\t\t\t\t\t<svg aria-hidden=\"true\" class=\"e-font-icon-svg e-fab-facebook\" viewBox=\"0 0 512 512\" xmlns=\"http:\/\/www.w3.org\/2000\/svg\"><path d=\"M504 256C504 119 393 8 256 8S8 119 8 256c0 123.78 90.69 226.38 209.25 245V327.69h-63V256h63v-54.64c0-62.15 37-96.48 93.67-96.48 27.14 0 55.52 4.84 55.52 4.84v61h-31.28c-30.8 0-40.41 19.12-40.41 38.73V256h68.78l-11 71.69h-57.78V501C413.31 482.38 504 379.78 504 256z\"><\/path><\/svg>\t\t\t\t\t<\/a>\n\t\t\t\t<\/span>\n\t\t\t\t\t\t\t<span class=\"elementor-grid-item\" role=\"listitem\">\n\t\t\t\t\t<a class=\"elementor-icon elementor-social-icon elementor-social-icon-twitter elementor-repeater-item-248a6bd\" target=\"_blank\">\n\t\t\t\t\t\t<span class=\"elementor-screen-only\">Twitter<\/span>\n\t\t\t\t\t\t<svg aria-hidden=\"true\" class=\"e-font-icon-svg e-fab-twitter\" viewBox=\"0 0 512 512\" xmlns=\"http:\/\/www.w3.org\/2000\/svg\"><path d=\"M459.37 151.716c.325 4.548.325 9.097.325 13.645 0 138.72-105.583 298.558-298.558 298.558-59.452 0-114.68-17.219-161.137-47.106 8.447.974 16.568 1.299 25.34 1.299 49.055 0 94.213-16.568 130.274-44.832-46.132-.975-84.792-31.188-98.112-72.772 6.498.974 12.995 1.624 19.818 1.624 9.421 0 18.843-1.3 27.614-3.573-48.081-9.747-84.143-51.98-84.143-102.985v-1.299c13.969 7.797 30.214 12.67 47.431 13.319-28.264-18.843-46.781-51.005-46.781-87.391 0-19.492 5.197-37.36 14.294-52.954 51.655 63.675 129.3 105.258 216.365 109.807-1.624-7.797-2.599-15.918-2.599-24.04 0-57.828 46.782-104.934 104.934-104.934 30.213 0 57.502 12.67 76.67 33.137 23.715-4.548 46.456-13.32 66.599-25.34-7.798 24.366-24.366 44.833-46.132 57.827 21.117-2.273 41.584-8.122 60.426-16.243-14.292 20.791-32.161 39.308-52.628 54.253z\"><\/path><\/svg>\t\t\t\t\t<\/a>\n\t\t\t\t<\/span>\n\t\t\t\t\t\t\t<span class=\"elementor-grid-item\" role=\"listitem\">\n\t\t\t\t\t<a class=\"elementor-icon elementor-social-icon elementor-social-icon-youtube elementor-repeater-item-0a37efc\" target=\"_blank\">\n\t\t\t\t\t\t<span class=\"elementor-screen-only\">Youtube<\/span>\n\t\t\t\t\t\t<svg aria-hidden=\"true\" class=\"e-font-icon-svg e-fab-youtube\" viewBox=\"0 0 576 512\" xmlns=\"http:\/\/www.w3.org\/2000\/svg\"><path d=\"M549.655 124.083c-6.281-23.65-24.787-42.276-48.284-48.597C458.781 64 288 64 288 64S117.22 64 74.629 75.486c-23.497 6.322-42.003 24.947-48.284 48.597-11.412 42.867-11.412 132.305-11.412 132.305s0 89.438 11.412 132.305c6.281 23.65 24.787 41.5 48.284 47.821C117.22 448 288 448 288 448s170.78 0 213.371-11.486c23.497-6.321 42.003-24.171 48.284-47.821 11.412-42.867 11.412-132.305 11.412-132.305s0-89.438-11.412-132.305zm-317.51 213.508V175.185l142.739 81.205-142.739 81.201z\"><\/path><\/svg>\t\t\t\t\t<\/a>\n\t\t\t\t<\/span>\n\t\t\t\t\t<\/div>\n\t\t\t\t\t\t<\/div>\n\t\t\t\t<\/div>\n\t\t\t\t<\/div>\n\t\t\t\t<\/div>\n\t\t<div class=\"elementor-element elementor-element-9578796 e-flex e-con-boxed parallax_section_no qode_elementor_container_no e-con e-parent\" data-id=\"9578796\" data-element_type=\"container\" data-e-type=\"container\">\n\t\t\t\t\t<div class=\"e-con-inner\">\n\t\t\t\t<div class=\"elementor-element elementor-element-bc4ceef elementor-widget elementor-widget-spacer\" data-id=\"bc4ceef\" data-element_type=\"widget\" data-e-type=\"widget\" data-widget_type=\"spacer.default\">\n\t\t\t\t<div class=\"elementor-widget-container\">\n\t\t\t\t\t\t\t<div class=\"elementor-spacer\">\n\t\t\t<div class=\"elementor-spacer-inner\"><\/div>\n\t\t<\/div>\n\t\t\t\t\t\t<\/div>\n\t\t\t\t<\/div>\n\t\t\t\t\t<\/div>\n\t\t\t\t<\/div>\n\t\t\t\t<\/div>\n\t\t","protected":false},"excerpt":{"rendered":"<p>CONTACTO FADENA Para consultas generales, sugerencias o solicitudes de informaci\u00f3n, puede comunicarse con nosotros a trav\u00e9s del siguiente formulario o&#8230;<\/p>\n","protected":false},"author":2,"featured_media":0,"parent":0,"menu_order":0,"comment_status":"open","ping_status":"closed","template":"elementor_theme","meta":{"footnotes":""},"class_list":["post-22343","page","type-page","status-publish","hentry"],"yoast_head":"<!-- This site is optimized with the Yoast SEO plugin v27.0 - https:\/\/yoast.com\/product\/yoast-seo-wordpress\/ -->\n<title>contacto - FADENA<\/title>\n<meta name=\"robots\" content=\"index, follow, max-snippet:-1, max-image-preview:large, max-video-preview:-1\" \/>\n<link rel=\"canonical\" href=\"https:\/\/undef.edu.ar\/fadena\/contacto\/\" \/>\n<meta property=\"og:locale\" content=\"es_ES\" \/>\n<meta property=\"og:type\" content=\"article\" \/>\n<meta property=\"og:title\" content=\"contacto - FADENA\" \/>\n<meta property=\"og:description\" content=\"CONTACTO FADENA Para consultas generales, sugerencias o solicitudes de informaci\u00f3n, puede comunicarse con nosotros a trav\u00e9s del siguiente formulario o...\" \/>\n<meta property=\"og:url\" content=\"https:\/\/undef.edu.ar\/fadena\/contacto\/\" \/>\n<meta property=\"og:site_name\" content=\"FADENA\" \/>\n<meta property=\"article:modified_time\" content=\"2026-02-23T14:34:19+00:00\" \/>\n<meta property=\"og:image\" content=\"https:\/\/undef.edu.ar\/fadena\/wp-content\/uploads\/2025\/09\/Anexo-Header-Autoridades-XL-1024x683.jpg\" \/>\n<meta name=\"twitter:card\" content=\"summary_large_image\" \/>\n<meta name=\"twitter:label1\" content=\"Tiempo de lectura\" \/>\n\t<meta name=\"twitter:data1\" content=\"2 minutos\" \/>\n<script type=\"application\/ld+json\" class=\"yoast-schema-graph\">{\"@context\":\"https:\/\/schema.org\",\"@graph\":[{\"@type\":\"WebPage\",\"@id\":\"https:\/\/undef.edu.ar\/fadena\/contacto\/\",\"url\":\"https:\/\/undef.edu.ar\/fadena\/contacto\/\",\"name\":\"contacto - FADENA\",\"isPartOf\":{\"@id\":\"https:\/\/undef.edu.ar\/fadena\/#website\"},\"primaryImageOfPage\":{\"@id\":\"https:\/\/undef.edu.ar\/fadena\/contacto\/#primaryimage\"},\"image\":{\"@id\":\"https:\/\/undef.edu.ar\/fadena\/contacto\/#primaryimage\"},\"thumbnailUrl\":\"https:\/\/undef.edu.ar\/fadena\/wp-content\/uploads\/2025\/09\/Anexo-Header-Autoridades-XL-1024x683.jpg\",\"datePublished\":\"2025-09-05T21:43:26+00:00\",\"dateModified\":\"2026-02-23T14:34:19+00:00\",\"breadcrumb\":{\"@id\":\"https:\/\/undef.edu.ar\/fadena\/contacto\/#breadcrumb\"},\"inLanguage\":\"es\",\"potentialAction\":[{\"@type\":\"ReadAction\",\"target\":[\"https:\/\/undef.edu.ar\/fadena\/contacto\/\"]}]},{\"@type\":\"ImageObject\",\"inLanguage\":\"es\",\"@id\":\"https:\/\/undef.edu.ar\/fadena\/contacto\/#primaryimage\",\"url\":\"https:\/\/undef.edu.ar\/fadena\/wp-content\/uploads\/2025\/09\/Anexo-Header-Autoridades-XL-scaled.jpg\",\"contentUrl\":\"https:\/\/undef.edu.ar\/fadena\/wp-content\/uploads\/2025\/09\/Anexo-Header-Autoridades-XL-scaled.jpg\",\"width\":2560,\"height\":1707},{\"@type\":\"BreadcrumbList\",\"@id\":\"https:\/\/undef.edu.ar\/fadena\/contacto\/#breadcrumb\",\"itemListElement\":[{\"@type\":\"ListItem\",\"position\":1,\"name\":\"Portada\",\"item\":\"https:\/\/undef.edu.ar\/fadena\/\"},{\"@type\":\"ListItem\",\"position\":2,\"name\":\"contacto\"}]},{\"@type\":\"WebSite\",\"@id\":\"https:\/\/undef.edu.ar\/fadena\/#website\",\"url\":\"https:\/\/undef.edu.ar\/fadena\/\",\"name\":\"FADENA\",\"description\":\"Facultad de Defensa Nacional\",\"publisher\":{\"@id\":\"https:\/\/undef.edu.ar\/fadena\/#organization\"},\"potentialAction\":[{\"@type\":\"SearchAction\",\"target\":{\"@type\":\"EntryPoint\",\"urlTemplate\":\"https:\/\/undef.edu.ar\/fadena\/?s={search_term_string}\"},\"query-input\":{\"@type\":\"PropertyValueSpecification\",\"valueRequired\":true,\"valueName\":\"search_term_string\"}}],\"inLanguage\":\"es\"},{\"@type\":\"Organization\",\"@id\":\"https:\/\/undef.edu.ar\/fadena\/#organization\",\"name\":\"FADENA\",\"url\":\"https:\/\/undef.edu.ar\/fadena\/\",\"logo\":{\"@type\":\"ImageObject\",\"inLanguage\":\"es\",\"@id\":\"https:\/\/undef.edu.ar\/fadena\/#\/schema\/logo\/image\/\",\"url\":\"https:\/\/undef.edu.ar\/fadena\/wp-content\/uploads\/2025\/05\/Logos-actualizados-FADENA-1-01.png\",\"contentUrl\":\"https:\/\/undef.edu.ar\/fadena\/wp-content\/uploads\/2025\/05\/Logos-actualizados-FADENA-1-01.png\",\"width\":721,\"height\":154,\"caption\":\"FADENA\"},\"image\":{\"@id\":\"https:\/\/undef.edu.ar\/fadena\/#\/schema\/logo\/image\/\"}}]}<\/script>\n<!-- \/ Yoast SEO plugin. -->","yoast_head_json":{"title":"contacto - FADENA","robots":{"index":"index","follow":"follow","max-snippet":"max-snippet:-1","max-image-preview":"max-image-preview:large","max-video-preview":"max-video-preview:-1"},"canonical":"https:\/\/undef.edu.ar\/fadena\/contacto\/","og_locale":"es_ES","og_type":"article","og_title":"contacto - FADENA","og_description":"CONTACTO FADENA Para consultas generales, sugerencias o solicitudes de informaci\u00f3n, puede comunicarse con nosotros a trav\u00e9s del siguiente formulario o...","og_url":"https:\/\/undef.edu.ar\/fadena\/contacto\/","og_site_name":"FADENA","article_modified_time":"2026-02-23T14:34:19+00:00","og_image":[{"url":"https:\/\/undef.edu.ar\/fadena\/wp-content\/uploads\/2025\/09\/Anexo-Header-Autoridades-XL-1024x683.jpg","type":"","width":"","height":""}],"twitter_card":"summary_large_image","twitter_misc":{"Tiempo de lectura":"2 minutos"},"schema":{"@context":"https:\/\/schema.org","@graph":[{"@type":"WebPage","@id":"https:\/\/undef.edu.ar\/fadena\/contacto\/","url":"https:\/\/undef.edu.ar\/fadena\/contacto\/","name":"contacto - FADENA","isPartOf":{"@id":"https:\/\/undef.edu.ar\/fadena\/#website"},"primaryImageOfPage":{"@id":"https:\/\/undef.edu.ar\/fadena\/contacto\/#primaryimage"},"image":{"@id":"https:\/\/undef.edu.ar\/fadena\/contacto\/#primaryimage"},"thumbnailUrl":"https:\/\/undef.edu.ar\/fadena\/wp-content\/uploads\/2025\/09\/Anexo-Header-Autoridades-XL-1024x683.jpg","datePublished":"2025-09-05T21:43:26+00:00","dateModified":"2026-02-23T14:34:19+00:00","breadcrumb":{"@id":"https:\/\/undef.edu.ar\/fadena\/contacto\/#breadcrumb"},"inLanguage":"es","potentialAction":[{"@type":"ReadAction","target":["https:\/\/undef.edu.ar\/fadena\/contacto\/"]}]},{"@type":"ImageObject","inLanguage":"es","@id":"https:\/\/undef.edu.ar\/fadena\/contacto\/#primaryimage","url":"https:\/\/undef.edu.ar\/fadena\/wp-content\/uploads\/2025\/09\/Anexo-Header-Autoridades-XL-scaled.jpg","contentUrl":"https:\/\/undef.edu.ar\/fadena\/wp-content\/uploads\/2025\/09\/Anexo-Header-Autoridades-XL-scaled.jpg","width":2560,"height":1707},{"@type":"BreadcrumbList","@id":"https:\/\/undef.edu.ar\/fadena\/contacto\/#breadcrumb","itemListElement":[{"@type":"ListItem","position":1,"name":"Portada","item":"https:\/\/undef.edu.ar\/fadena\/"},{"@type":"ListItem","position":2,"name":"contacto"}]},{"@type":"WebSite","@id":"https:\/\/undef.edu.ar\/fadena\/#website","url":"https:\/\/undef.edu.ar\/fadena\/","name":"FADENA","description":"Facultad de Defensa Nacional","publisher":{"@id":"https:\/\/undef.edu.ar\/fadena\/#organization"},"potentialAction":[{"@type":"SearchAction","target":{"@type":"EntryPoint","urlTemplate":"https:\/\/undef.edu.ar\/fadena\/?s={search_term_string}"},"query-input":{"@type":"PropertyValueSpecification","valueRequired":true,"valueName":"search_term_string"}}],"inLanguage":"es"},{"@type":"Organization","@id":"https:\/\/undef.edu.ar\/fadena\/#organization","name":"FADENA","url":"https:\/\/undef.edu.ar\/fadena\/","logo":{"@type":"ImageObject","inLanguage":"es","@id":"https:\/\/undef.edu.ar\/fadena\/#\/schema\/logo\/image\/","url":"https:\/\/undef.edu.ar\/fadena\/wp-content\/uploads\/2025\/05\/Logos-actualizados-FADENA-1-01.png","contentUrl":"https:\/\/undef.edu.ar\/fadena\/wp-content\/uploads\/2025\/05\/Logos-actualizados-FADENA-1-01.png","width":721,"height":154,"caption":"FADENA"},"image":{"@id":"https:\/\/undef.edu.ar\/fadena\/#\/schema\/logo\/image\/"}}]}},"_links":{"self":[{"href":"https:\/\/undef.edu.ar\/fadena\/wp-json\/wp\/v2\/pages\/22343","targetHints":{"allow":["GET"]}}],"collection":[{"href":"https:\/\/undef.edu.ar\/fadena\/wp-json\/wp\/v2\/pages"}],"about":[{"href":"https:\/\/undef.edu.ar\/fadena\/wp-json\/wp\/v2\/types\/page"}],"author":[{"embeddable":true,"href":"https:\/\/undef.edu.ar\/fadena\/wp-json\/wp\/v2\/users\/2"}],"replies":[{"embeddable":true,"href":"https:\/\/undef.edu.ar\/fadena\/wp-json\/wp\/v2\/comments?post=22343"}],"version-history":[{"count":69,"href":"https:\/\/undef.edu.ar\/fadena\/wp-json\/wp\/v2\/pages\/22343\/revisions"}],"predecessor-version":[{"id":25736,"href":"https:\/\/undef.edu.ar\/fadena\/wp-json\/wp\/v2\/pages\/22343\/revisions\/25736"}],"wp:attachment":[{"href":"https:\/\/undef.edu.ar\/fadena\/wp-json\/wp\/v2\/media?parent=22343"}],"curies":[{"name":"wp","href":"https:\/\/api.w.org\/{rel}","templated":true}]}}