{"id":22170,"date":"2025-08-27T04:33:15","date_gmt":"2025-08-27T04:33:15","guid":{"rendered":"https:\/\/undef.edu.ar\/fadena-web\/?page_id=22170"},"modified":"2025-09-27T22:57:19","modified_gmt":"2025-09-27T22:57:19","slug":"investigacion","status":"publish","type":"page","link":"https:\/\/undef.edu.ar\/fadena\/investigacion\/","title":{"rendered":"Investigacion"},"content":{"rendered":"\t\t<div data-elementor-type=\"wp-page\" data-elementor-id=\"22170\" class=\"elementor elementor-22170\">\n\t\t\t\t<div class=\"elementor-element elementor-element-ed98d3d e-flex e-con-boxed parallax_section_no qode_elementor_container_no e-con e-parent\" data-id=\"ed98d3d\" data-element_type=\"container\" data-e-type=\"container\">\n\t\t\t\t\t<div class=\"e-con-inner\">\n\t\t<div class=\"elementor-element elementor-element-f724273 e-con-full e-flex parallax_section_no qode_elementor_container_no e-con e-child\" data-id=\"f724273\" data-element_type=\"container\" data-e-type=\"container\">\n\t\t\t\t<div class=\"elementor-element elementor-element-20cbd65 elementor-widget elementor-widget-image\" data-id=\"20cbd65\" data-element_type=\"widget\" data-e-type=\"widget\" data-widget_type=\"image.default\">\n\t\t\t\t<div class=\"elementor-widget-container\">\n\t\t\t\t\t\t\t\t\t\t\t\t\t\t\t<img fetchpriority=\"high\" decoding=\"async\" width=\"800\" height=\"816\" src=\"https:\/\/undef.edu.ar\/fadena\/wp-content\/uploads\/2025\/09\/Repositorios.jpg\" class=\"attachment-large size-large wp-image-22458\" alt=\"\" srcset=\"https:\/\/undef.edu.ar\/fadena\/wp-content\/uploads\/2025\/09\/Repositorios.jpg 800w, https:\/\/undef.edu.ar\/fadena\/wp-content\/uploads\/2025\/09\/Repositorios-294x300.jpg 294w, https:\/\/undef.edu.ar\/fadena\/wp-content\/uploads\/2025\/09\/Repositorios-768x783.jpg 768w, https:\/\/undef.edu.ar\/fadena\/wp-content\/uploads\/2025\/09\/Repositorios-700x714.jpg 700w, https:\/\/undef.edu.ar\/fadena\/wp-content\/uploads\/2025\/09\/Repositorios-600x612.jpg 600w\" sizes=\"(max-width: 800px) 100vw, 800px\" \/>\t\t\t\t\t\t\t\t\t\t\t\t\t\t\t<\/div>\n\t\t\t\t<\/div>\n\t\t\t\t<\/div>\n\t\t<div class=\"elementor-element elementor-element-8ac3f32 e-con-full e-flex parallax_section_no qode_elementor_container_no e-con e-child\" data-id=\"8ac3f32\" data-element_type=\"container\" data-e-type=\"container\">\n\t\t\t\t<div class=\"elementor-element elementor-element-bc90b56 elementor-widget elementor-widget-heading\" data-id=\"bc90b56\" data-element_type=\"widget\" data-e-type=\"widget\" data-widget_type=\"heading.default\">\n\t\t\t\t<div class=\"elementor-widget-container\">\n\t\t\t\t\t<h2 class=\"elementor-heading-title elementor-size-default\"><span style=\"color: #243350\">INVESTIGACI\u00d3N<\/span> <span style=\"color: #315895\">FADENA<\/span><\/h2>\t\t\t\t<\/div>\n\t\t\t\t<\/div>\n\t\t\t\t<div class=\"elementor-element elementor-element-97efb80 elementor-widget elementor-widget-text-editor\" data-id=\"97efb80\" data-element_type=\"widget\" data-e-type=\"widget\" data-widget_type=\"text-editor.default\">\n\t\t\t\t<div class=\"elementor-widget-container\">\n\t\t\t\t\t\t\t\t\t<p>En la <span style=\"color: #315895;\"><strong>Facultad de Defensa Nacional<\/strong><\/span> estamos comprometidos en la divulgaci\u00f3n de an\u00e1lisis e investigaci\u00f3n con la premisa de socializar conocimientos generados en el \u00e1mbito acad\u00e9mico. As\u00ed contribuimos a una concepci\u00f3n de la Defensa que sea capaz de anticipar y prevenir las amenazas sobre los recursos vitales del pa\u00eds, abierta a los nuevos desaf\u00edos del contexto internacional. Aportando con an\u00e1lisis, propuestas y actividades enmarcadas en la defensa de la Constituci\u00f3n Nacional, la soberan\u00eda nacional y los derechos humanos.<\/p><p><span style=\"color: #315895;\"><strong>\u00a0<\/strong><\/span><\/p>\t\t\t\t\t\t\t\t<\/div>\n\t\t\t\t<\/div>\n\t\t\t\t<\/div>\n\t\t\t\t\t<\/div>\n\t\t\t\t<\/div>\n\t\t\t\t<\/div>\n\t\t","protected":false},"excerpt":{"rendered":"<p>INVESTIGACI\u00d3N FADENA En la Facultad de Defensa Nacional estamos comprometidos en la divulgaci\u00f3n de an\u00e1lisis e investigaci\u00f3n con la premisa&#8230;<\/p>\n","protected":false},"author":2,"featured_media":0,"parent":0,"menu_order":0,"comment_status":"open","ping_status":"closed","template":"full_width.php","meta":{"footnotes":""},"class_list":["post-22170","page","type-page","status-publish","hentry"],"yoast_head":"<!-- This site is optimized with the Yoast SEO plugin v27.0 - https:\/\/yoast.com\/product\/yoast-seo-wordpress\/ -->\n<title>Investigacion - FADENA<\/title>\n<meta name=\"robots\" content=\"index, follow, max-snippet:-1, max-image-preview:large, max-video-preview:-1\" \/>\n<link rel=\"canonical\" href=\"https:\/\/undef.edu.ar\/fadena\/investigacion\/\" \/>\n<meta property=\"og:locale\" content=\"es_ES\" \/>\n<meta property=\"og:type\" content=\"article\" \/>\n<meta property=\"og:title\" content=\"Investigacion - FADENA\" \/>\n<meta property=\"og:description\" content=\"INVESTIGACI\u00d3N FADENA En la Facultad de Defensa Nacional estamos comprometidos en la divulgaci\u00f3n de an\u00e1lisis e investigaci\u00f3n con la premisa...\" \/>\n<meta property=\"og:url\" content=\"https:\/\/undef.edu.ar\/fadena\/investigacion\/\" \/>\n<meta property=\"og:site_name\" content=\"FADENA\" \/>\n<meta property=\"article:modified_time\" content=\"2025-09-27T22:57:19+00:00\" \/>\n<meta property=\"og:image\" content=\"https:\/\/undef.edu.ar\/fadena-web\/wp-content\/uploads\/2025\/09\/Repositorios.jpg\" \/>\n<meta name=\"twitter:card\" content=\"summary_large_image\" \/>\n<script type=\"application\/ld+json\" class=\"yoast-schema-graph\">{\"@context\":\"https:\/\/schema.org\",\"@graph\":[{\"@type\":\"WebPage\",\"@id\":\"https:\/\/undef.edu.ar\/fadena\/investigacion\/\",\"url\":\"https:\/\/undef.edu.ar\/fadena\/investigacion\/\",\"name\":\"Investigacion - FADENA\",\"isPartOf\":{\"@id\":\"https:\/\/undef.edu.ar\/fadena\/#website\"},\"primaryImageOfPage\":{\"@id\":\"https:\/\/undef.edu.ar\/fadena\/investigacion\/#primaryimage\"},\"image\":{\"@id\":\"https:\/\/undef.edu.ar\/fadena\/investigacion\/#primaryimage\"},\"thumbnailUrl\":\"https:\/\/undef.edu.ar\/fadena-web\/wp-content\/uploads\/2025\/09\/Repositorios.jpg\",\"datePublished\":\"2025-08-27T04:33:15+00:00\",\"dateModified\":\"2025-09-27T22:57:19+00:00\",\"breadcrumb\":{\"@id\":\"https:\/\/undef.edu.ar\/fadena\/investigacion\/#breadcrumb\"},\"inLanguage\":\"es\",\"potentialAction\":[{\"@type\":\"ReadAction\",\"target\":[\"https:\/\/undef.edu.ar\/fadena\/investigacion\/\"]}]},{\"@type\":\"ImageObject\",\"inLanguage\":\"es\",\"@id\":\"https:\/\/undef.edu.ar\/fadena\/investigacion\/#primaryimage\",\"url\":\"https:\/\/undef.edu.ar\/fadena-web\/wp-content\/uploads\/2025\/09\/Repositorios.jpg\",\"contentUrl\":\"https:\/\/undef.edu.ar\/fadena-web\/wp-content\/uploads\/2025\/09\/Repositorios.jpg\"},{\"@type\":\"BreadcrumbList\",\"@id\":\"https:\/\/undef.edu.ar\/fadena\/investigacion\/#breadcrumb\",\"itemListElement\":[{\"@type\":\"ListItem\",\"position\":1,\"name\":\"Portada\",\"item\":\"https:\/\/undef.edu.ar\/fadena\/\"},{\"@type\":\"ListItem\",\"position\":2,\"name\":\"Investigacion\"}]},{\"@type\":\"WebSite\",\"@id\":\"https:\/\/undef.edu.ar\/fadena\/#website\",\"url\":\"https:\/\/undef.edu.ar\/fadena\/\",\"name\":\"FADENA\",\"description\":\"Facultad de Defensa Nacional\",\"publisher\":{\"@id\":\"https:\/\/undef.edu.ar\/fadena\/#organization\"},\"potentialAction\":[{\"@type\":\"SearchAction\",\"target\":{\"@type\":\"EntryPoint\",\"urlTemplate\":\"https:\/\/undef.edu.ar\/fadena\/?s={search_term_string}\"},\"query-input\":{\"@type\":\"PropertyValueSpecification\",\"valueRequired\":true,\"valueName\":\"search_term_string\"}}],\"inLanguage\":\"es\"},{\"@type\":\"Organization\",\"@id\":\"https:\/\/undef.edu.ar\/fadena\/#organization\",\"name\":\"FADENA\",\"url\":\"https:\/\/undef.edu.ar\/fadena\/\",\"logo\":{\"@type\":\"ImageObject\",\"inLanguage\":\"es\",\"@id\":\"https:\/\/undef.edu.ar\/fadena\/#\/schema\/logo\/image\/\",\"url\":\"https:\/\/undef.edu.ar\/fadena\/wp-content\/uploads\/2025\/05\/Logos-actualizados-FADENA-1-01.png\",\"contentUrl\":\"https:\/\/undef.edu.ar\/fadena\/wp-content\/uploads\/2025\/05\/Logos-actualizados-FADENA-1-01.png\",\"width\":721,\"height\":154,\"caption\":\"FADENA\"},\"image\":{\"@id\":\"https:\/\/undef.edu.ar\/fadena\/#\/schema\/logo\/image\/\"}}]}<\/script>\n<!-- \/ Yoast SEO plugin. -->","yoast_head_json":{"title":"Investigacion - FADENA","robots":{"index":"index","follow":"follow","max-snippet":"max-snippet:-1","max-image-preview":"max-image-preview:large","max-video-preview":"max-video-preview:-1"},"canonical":"https:\/\/undef.edu.ar\/fadena\/investigacion\/","og_locale":"es_ES","og_type":"article","og_title":"Investigacion - FADENA","og_description":"INVESTIGACI\u00d3N FADENA En la Facultad de Defensa Nacional estamos comprometidos en la divulgaci\u00f3n de an\u00e1lisis e investigaci\u00f3n con la premisa...","og_url":"https:\/\/undef.edu.ar\/fadena\/investigacion\/","og_site_name":"FADENA","article_modified_time":"2025-09-27T22:57:19+00:00","og_image":[{"url":"https:\/\/undef.edu.ar\/fadena-web\/wp-content\/uploads\/2025\/09\/Repositorios.jpg","type":"","width":"","height":""}],"twitter_card":"summary_large_image","schema":{"@context":"https:\/\/schema.org","@graph":[{"@type":"WebPage","@id":"https:\/\/undef.edu.ar\/fadena\/investigacion\/","url":"https:\/\/undef.edu.ar\/fadena\/investigacion\/","name":"Investigacion - FADENA","isPartOf":{"@id":"https:\/\/undef.edu.ar\/fadena\/#website"},"primaryImageOfPage":{"@id":"https:\/\/undef.edu.ar\/fadena\/investigacion\/#primaryimage"},"image":{"@id":"https:\/\/undef.edu.ar\/fadena\/investigacion\/#primaryimage"},"thumbnailUrl":"https:\/\/undef.edu.ar\/fadena-web\/wp-content\/uploads\/2025\/09\/Repositorios.jpg","datePublished":"2025-08-27T04:33:15+00:00","dateModified":"2025-09-27T22:57:19+00:00","breadcrumb":{"@id":"https:\/\/undef.edu.ar\/fadena\/investigacion\/#breadcrumb"},"inLanguage":"es","potentialAction":[{"@type":"ReadAction","target":["https:\/\/undef.edu.ar\/fadena\/investigacion\/"]}]},{"@type":"ImageObject","inLanguage":"es","@id":"https:\/\/undef.edu.ar\/fadena\/investigacion\/#primaryimage","url":"https:\/\/undef.edu.ar\/fadena-web\/wp-content\/uploads\/2025\/09\/Repositorios.jpg","contentUrl":"https:\/\/undef.edu.ar\/fadena-web\/wp-content\/uploads\/2025\/09\/Repositorios.jpg"},{"@type":"BreadcrumbList","@id":"https:\/\/undef.edu.ar\/fadena\/investigacion\/#breadcrumb","itemListElement":[{"@type":"ListItem","position":1,"name":"Portada","item":"https:\/\/undef.edu.ar\/fadena\/"},{"@type":"ListItem","position":2,"name":"Investigacion"}]},{"@type":"WebSite","@id":"https:\/\/undef.edu.ar\/fadena\/#website","url":"https:\/\/undef.edu.ar\/fadena\/","name":"FADENA","description":"Facultad de Defensa Nacional","publisher":{"@id":"https:\/\/undef.edu.ar\/fadena\/#organization"},"potentialAction":[{"@type":"SearchAction","target":{"@type":"EntryPoint","urlTemplate":"https:\/\/undef.edu.ar\/fadena\/?s={search_term_string}"},"query-input":{"@type":"PropertyValueSpecification","valueRequired":true,"valueName":"search_term_string"}}],"inLanguage":"es"},{"@type":"Organization","@id":"https:\/\/undef.edu.ar\/fadena\/#organization","name":"FADENA","url":"https:\/\/undef.edu.ar\/fadena\/","logo":{"@type":"ImageObject","inLanguage":"es","@id":"https:\/\/undef.edu.ar\/fadena\/#\/schema\/logo\/image\/","url":"https:\/\/undef.edu.ar\/fadena\/wp-content\/uploads\/2025\/05\/Logos-actualizados-FADENA-1-01.png","contentUrl":"https:\/\/undef.edu.ar\/fadena\/wp-content\/uploads\/2025\/05\/Logos-actualizados-FADENA-1-01.png","width":721,"height":154,"caption":"FADENA"},"image":{"@id":"https:\/\/undef.edu.ar\/fadena\/#\/schema\/logo\/image\/"}}]}},"_links":{"self":[{"href":"https:\/\/undef.edu.ar\/fadena\/wp-json\/wp\/v2\/pages\/22170","targetHints":{"allow":["GET"]}}],"collection":[{"href":"https:\/\/undef.edu.ar\/fadena\/wp-json\/wp\/v2\/pages"}],"about":[{"href":"https:\/\/undef.edu.ar\/fadena\/wp-json\/wp\/v2\/types\/page"}],"author":[{"embeddable":true,"href":"https:\/\/undef.edu.ar\/fadena\/wp-json\/wp\/v2\/users\/2"}],"replies":[{"embeddable":true,"href":"https:\/\/undef.edu.ar\/fadena\/wp-json\/wp\/v2\/comments?post=22170"}],"version-history":[{"count":16,"href":"https:\/\/undef.edu.ar\/fadena\/wp-json\/wp\/v2\/pages\/22170\/revisions"}],"predecessor-version":[{"id":22621,"href":"https:\/\/undef.edu.ar\/fadena\/wp-json\/wp\/v2\/pages\/22170\/revisions\/22621"}],"wp:attachment":[{"href":"https:\/\/undef.edu.ar\/fadena\/wp-json\/wp\/v2\/media?parent=22170"}],"curies":[{"name":"wp","href":"https:\/\/api.w.org\/{rel}","templated":true}]}}