{"id":13383,"date":"2014-03-24T10:32:19","date_gmt":"2014-03-24T10:32:19","guid":{"rendered":"https:\/\/bridge300.qodeinteractive.com\/?page_id=13383"},"modified":"2025-09-23T19:43:35","modified_gmt":"2025-09-23T19:43:35","slug":"la-facultad","status":"publish","type":"page","link":"https:\/\/undef.edu.ar\/fadena\/la-facultad\/","title":{"rendered":"La facultad"},"content":{"rendered":"\t\t<div data-elementor-type=\"wp-page\" data-elementor-id=\"13383\" class=\"elementor elementor-13383\">\n\t\t\t\t<div class=\"elementor-element elementor-element-a98593b e-flex e-con-boxed parallax_section_no qode_elementor_container_no e-con e-parent\" data-id=\"a98593b\" data-element_type=\"container\" data-e-type=\"container\">\n\t\t\t\t\t<div class=\"e-con-inner\">\n\t\t<div class=\"elementor-element elementor-element-d2e0833 e-con-full e-flex parallax_section_no qode_elementor_container_no e-con e-child\" data-id=\"d2e0833\" data-element_type=\"container\" data-e-type=\"container\">\n\t\t\t\t<div class=\"elementor-element elementor-element-0b2da5a elementor-widget elementor-widget-image\" data-id=\"0b2da5a\" data-element_type=\"widget\" data-e-type=\"widget\" data-widget_type=\"image.default\">\n\t\t\t\t<div class=\"elementor-widget-container\">\n\t\t\t\t\t\t\t\t\t\t\t\t\t\t\t<img fetchpriority=\"high\" decoding=\"async\" width=\"800\" height=\"816\" src=\"https:\/\/undef.edu.ar\/fadena\/wp-content\/uploads\/2025\/09\/institucional-facultad-header-1.jpg\" class=\"attachment-large size-large wp-image-22451\" alt=\"\" srcset=\"https:\/\/undef.edu.ar\/fadena\/wp-content\/uploads\/2025\/09\/institucional-facultad-header-1.jpg 800w, https:\/\/undef.edu.ar\/fadena\/wp-content\/uploads\/2025\/09\/institucional-facultad-header-1-294x300.jpg 294w, https:\/\/undef.edu.ar\/fadena\/wp-content\/uploads\/2025\/09\/institucional-facultad-header-1-768x783.jpg 768w, https:\/\/undef.edu.ar\/fadena\/wp-content\/uploads\/2025\/09\/institucional-facultad-header-1-700x714.jpg 700w, https:\/\/undef.edu.ar\/fadena\/wp-content\/uploads\/2025\/09\/institucional-facultad-header-1-600x612.jpg 600w\" sizes=\"(max-width: 800px) 100vw, 800px\" \/>\t\t\t\t\t\t\t\t\t\t\t\t\t\t\t<\/div>\n\t\t\t\t<\/div>\n\t\t\t\t<\/div>\n\t\t<div class=\"elementor-element elementor-element-8b4001e e-con-full e-flex parallax_section_no qode_elementor_container_no e-con e-child\" data-id=\"8b4001e\" data-element_type=\"container\" data-e-type=\"container\">\n\t\t\t\t<div class=\"elementor-element elementor-element-e8390bc elementor-widget elementor-widget-heading\" data-id=\"e8390bc\" data-element_type=\"widget\" data-e-type=\"widget\" data-widget_type=\"heading.default\">\n\t\t\t\t<div class=\"elementor-widget-container\">\n\t\t\t\t\t<h2 class=\"elementor-heading-title elementor-size-default\"><span style=\"color: #243350\"><\/span> <span style=\"color: #315895\">LA FACULTAD<\/span><\/h2>\t\t\t\t<\/div>\n\t\t\t\t<\/div>\n\t\t\t\t<div class=\"elementor-element elementor-element-279f21a elementor-widget elementor-widget-text-editor\" data-id=\"279f21a\" data-element_type=\"widget\" data-e-type=\"widget\" data-widget_type=\"text-editor.default\">\n\t\t\t\t<div class=\"elementor-widget-container\">\n\t\t\t\t\t\t\t\t\t<p>La propuesta de creaci\u00f3n de una <span style=\"color: #315895;\"><strong>Facultad de la Defensa Nacional <\/strong><\/span>se sustent\u00f3 en una importante tradici\u00f3n de formaci\u00f3n en defensa nacional que reconoce como hito inicial a la Escuela Nacional de Guerra (ENG) creada mediante el Decreto N\u00b0 28.525, el 29 de diciembre de 1950.<\/p><p>\u00a0En ese contexto se tom\u00f3 la decisi\u00f3n de dotar al pa\u00eds de una instituci\u00f3n educativa para capacitar a funcionarios, dirigentes de la actividad privada y miembros de las Fuerzas Armadas en la previsi\u00f3n, estudio y empleo del poder militar en situaciones que pudieran comprometer los intereses nacionales.<\/p><p>\u00a0Veinte a\u00f1os m\u00e1s tarde, por Decreto N\u00b0 866 del 24 de diciembre de 1973, cambi\u00f3 su denominaci\u00f3n por la de Escuela de Defensa Nacional (EDENA)<\/p><p>\u00a0En agosto de 1991 el Ministerio de Defensa suscribi\u00f3 un acuerdo con el Instituto Universitario del Ej\u00e9rcito (IUE) que dispuso la integraci\u00f3n de la EDENA como Unidad Acad\u00e9mica Asociada al solo efecto de desarrollar la \u201cMaestr\u00eda en Defensa Nacional\u201d, carrera que fue autorizada por el Ministerio de Cultura y Educaci\u00f3n por Resoluci\u00f3n N\u00b0 425 del 12 de marzo de 1992 y acreditada por la Comisi\u00f3n Nacional de Evaluaci\u00f3n y Acreditaci\u00f3n Universitaria (CONEAU) en el a\u00f1o 2010.<\/p><p>Con la creaci\u00f3n y puesta en funcionamiento de la Universidad de la Defensa Nacional se procedi\u00f3 a realizar una innovaci\u00f3n institucional del sistema de formaci\u00f3n del Ministerio de Defensa. Es en ese marco que la EDENA fue sucedida por la actual Facultad de la Defensa Nacional (FADENA).<\/p>\t\t\t\t\t\t\t\t<\/div>\n\t\t\t\t<\/div>\n\t\t\t\t<\/div>\n\t\t\t\t\t<\/div>\n\t\t\t\t<\/div>\n\t\t\t\t<\/div>\n\t\t","protected":false},"excerpt":{"rendered":"<p>LA FACULTAD La propuesta de creaci\u00f3n de una Facultad de la Defensa Nacional se sustent\u00f3 en una importante tradici\u00f3n de&#8230;<\/p>\n","protected":false},"author":2,"featured_media":0,"parent":0,"menu_order":0,"comment_status":"open","ping_status":"closed","template":"full_width.php","meta":{"footnotes":""},"class_list":["post-13383","page","type-page","status-publish","hentry"],"yoast_head":"<!-- This site is optimized with the Yoast SEO plugin v27.0 - https:\/\/yoast.com\/product\/yoast-seo-wordpress\/ -->\n<title>La facultad - FADENA<\/title>\n<meta name=\"robots\" content=\"index, follow, max-snippet:-1, max-image-preview:large, max-video-preview:-1\" \/>\n<link rel=\"canonical\" href=\"https:\/\/undef.edu.ar\/fadena\/la-facultad\/\" \/>\n<meta property=\"og:locale\" content=\"es_ES\" \/>\n<meta property=\"og:type\" content=\"article\" \/>\n<meta property=\"og:title\" content=\"La facultad - FADENA\" \/>\n<meta property=\"og:description\" content=\"LA FACULTAD La propuesta de creaci\u00f3n de una Facultad de la Defensa Nacional se sustent\u00f3 en una importante tradici\u00f3n de...\" \/>\n<meta property=\"og:url\" content=\"https:\/\/undef.edu.ar\/fadena\/la-facultad\/\" \/>\n<meta property=\"og:site_name\" content=\"FADENA\" \/>\n<meta property=\"article:modified_time\" content=\"2025-09-23T19:43:35+00:00\" \/>\n<meta property=\"og:image\" content=\"https:\/\/undef.edu.ar\/fadena-web\/wp-content\/uploads\/2025\/09\/institucional-facultad-header-1.jpg\" \/>\n<meta name=\"twitter:card\" content=\"summary_large_image\" \/>\n<meta name=\"twitter:label1\" content=\"Tiempo de lectura\" \/>\n\t<meta name=\"twitter:data1\" content=\"1 minuto\" \/>\n<script type=\"application\/ld+json\" class=\"yoast-schema-graph\">{\"@context\":\"https:\/\/schema.org\",\"@graph\":[{\"@type\":\"WebPage\",\"@id\":\"https:\/\/undef.edu.ar\/fadena\/la-facultad\/\",\"url\":\"https:\/\/undef.edu.ar\/fadena\/la-facultad\/\",\"name\":\"La facultad - FADENA\",\"isPartOf\":{\"@id\":\"https:\/\/undef.edu.ar\/fadena\/#website\"},\"primaryImageOfPage\":{\"@id\":\"https:\/\/undef.edu.ar\/fadena\/la-facultad\/#primaryimage\"},\"image\":{\"@id\":\"https:\/\/undef.edu.ar\/fadena\/la-facultad\/#primaryimage\"},\"thumbnailUrl\":\"https:\/\/undef.edu.ar\/fadena-web\/wp-content\/uploads\/2025\/09\/institucional-facultad-header-1.jpg\",\"datePublished\":\"2014-03-24T10:32:19+00:00\",\"dateModified\":\"2025-09-23T19:43:35+00:00\",\"breadcrumb\":{\"@id\":\"https:\/\/undef.edu.ar\/fadena\/la-facultad\/#breadcrumb\"},\"inLanguage\":\"es\",\"potentialAction\":[{\"@type\":\"ReadAction\",\"target\":[\"https:\/\/undef.edu.ar\/fadena\/la-facultad\/\"]}]},{\"@type\":\"ImageObject\",\"inLanguage\":\"es\",\"@id\":\"https:\/\/undef.edu.ar\/fadena\/la-facultad\/#primaryimage\",\"url\":\"https:\/\/undef.edu.ar\/fadena-web\/wp-content\/uploads\/2025\/09\/institucional-facultad-header-1.jpg\",\"contentUrl\":\"https:\/\/undef.edu.ar\/fadena-web\/wp-content\/uploads\/2025\/09\/institucional-facultad-header-1.jpg\"},{\"@type\":\"BreadcrumbList\",\"@id\":\"https:\/\/undef.edu.ar\/fadena\/la-facultad\/#breadcrumb\",\"itemListElement\":[{\"@type\":\"ListItem\",\"position\":1,\"name\":\"Portada\",\"item\":\"https:\/\/undef.edu.ar\/fadena\/\"},{\"@type\":\"ListItem\",\"position\":2,\"name\":\"La facultad\"}]},{\"@type\":\"WebSite\",\"@id\":\"https:\/\/undef.edu.ar\/fadena\/#website\",\"url\":\"https:\/\/undef.edu.ar\/fadena\/\",\"name\":\"FADENA\",\"description\":\"Facultad de Defensa Nacional\",\"publisher\":{\"@id\":\"https:\/\/undef.edu.ar\/fadena\/#organization\"},\"potentialAction\":[{\"@type\":\"SearchAction\",\"target\":{\"@type\":\"EntryPoint\",\"urlTemplate\":\"https:\/\/undef.edu.ar\/fadena\/?s={search_term_string}\"},\"query-input\":{\"@type\":\"PropertyValueSpecification\",\"valueRequired\":true,\"valueName\":\"search_term_string\"}}],\"inLanguage\":\"es\"},{\"@type\":\"Organization\",\"@id\":\"https:\/\/undef.edu.ar\/fadena\/#organization\",\"name\":\"FADENA\",\"url\":\"https:\/\/undef.edu.ar\/fadena\/\",\"logo\":{\"@type\":\"ImageObject\",\"inLanguage\":\"es\",\"@id\":\"https:\/\/undef.edu.ar\/fadena\/#\/schema\/logo\/image\/\",\"url\":\"https:\/\/undef.edu.ar\/fadena\/wp-content\/uploads\/2025\/05\/Logos-actualizados-FADENA-1-01.png\",\"contentUrl\":\"https:\/\/undef.edu.ar\/fadena\/wp-content\/uploads\/2025\/05\/Logos-actualizados-FADENA-1-01.png\",\"width\":721,\"height\":154,\"caption\":\"FADENA\"},\"image\":{\"@id\":\"https:\/\/undef.edu.ar\/fadena\/#\/schema\/logo\/image\/\"}}]}<\/script>\n<!-- \/ Yoast SEO plugin. -->","yoast_head_json":{"title":"La facultad - FADENA","robots":{"index":"index","follow":"follow","max-snippet":"max-snippet:-1","max-image-preview":"max-image-preview:large","max-video-preview":"max-video-preview:-1"},"canonical":"https:\/\/undef.edu.ar\/fadena\/la-facultad\/","og_locale":"es_ES","og_type":"article","og_title":"La facultad - FADENA","og_description":"LA FACULTAD La propuesta de creaci\u00f3n de una Facultad de la Defensa Nacional se sustent\u00f3 en una importante tradici\u00f3n de...","og_url":"https:\/\/undef.edu.ar\/fadena\/la-facultad\/","og_site_name":"FADENA","article_modified_time":"2025-09-23T19:43:35+00:00","og_image":[{"url":"https:\/\/undef.edu.ar\/fadena-web\/wp-content\/uploads\/2025\/09\/institucional-facultad-header-1.jpg","type":"","width":"","height":""}],"twitter_card":"summary_large_image","twitter_misc":{"Tiempo de lectura":"1 minuto"},"schema":{"@context":"https:\/\/schema.org","@graph":[{"@type":"WebPage","@id":"https:\/\/undef.edu.ar\/fadena\/la-facultad\/","url":"https:\/\/undef.edu.ar\/fadena\/la-facultad\/","name":"La facultad - FADENA","isPartOf":{"@id":"https:\/\/undef.edu.ar\/fadena\/#website"},"primaryImageOfPage":{"@id":"https:\/\/undef.edu.ar\/fadena\/la-facultad\/#primaryimage"},"image":{"@id":"https:\/\/undef.edu.ar\/fadena\/la-facultad\/#primaryimage"},"thumbnailUrl":"https:\/\/undef.edu.ar\/fadena-web\/wp-content\/uploads\/2025\/09\/institucional-facultad-header-1.jpg","datePublished":"2014-03-24T10:32:19+00:00","dateModified":"2025-09-23T19:43:35+00:00","breadcrumb":{"@id":"https:\/\/undef.edu.ar\/fadena\/la-facultad\/#breadcrumb"},"inLanguage":"es","potentialAction":[{"@type":"ReadAction","target":["https:\/\/undef.edu.ar\/fadena\/la-facultad\/"]}]},{"@type":"ImageObject","inLanguage":"es","@id":"https:\/\/undef.edu.ar\/fadena\/la-facultad\/#primaryimage","url":"https:\/\/undef.edu.ar\/fadena-web\/wp-content\/uploads\/2025\/09\/institucional-facultad-header-1.jpg","contentUrl":"https:\/\/undef.edu.ar\/fadena-web\/wp-content\/uploads\/2025\/09\/institucional-facultad-header-1.jpg"},{"@type":"BreadcrumbList","@id":"https:\/\/undef.edu.ar\/fadena\/la-facultad\/#breadcrumb","itemListElement":[{"@type":"ListItem","position":1,"name":"Portada","item":"https:\/\/undef.edu.ar\/fadena\/"},{"@type":"ListItem","position":2,"name":"La facultad"}]},{"@type":"WebSite","@id":"https:\/\/undef.edu.ar\/fadena\/#website","url":"https:\/\/undef.edu.ar\/fadena\/","name":"FADENA","description":"Facultad de Defensa Nacional","publisher":{"@id":"https:\/\/undef.edu.ar\/fadena\/#organization"},"potentialAction":[{"@type":"SearchAction","target":{"@type":"EntryPoint","urlTemplate":"https:\/\/undef.edu.ar\/fadena\/?s={search_term_string}"},"query-input":{"@type":"PropertyValueSpecification","valueRequired":true,"valueName":"search_term_string"}}],"inLanguage":"es"},{"@type":"Organization","@id":"https:\/\/undef.edu.ar\/fadena\/#organization","name":"FADENA","url":"https:\/\/undef.edu.ar\/fadena\/","logo":{"@type":"ImageObject","inLanguage":"es","@id":"https:\/\/undef.edu.ar\/fadena\/#\/schema\/logo\/image\/","url":"https:\/\/undef.edu.ar\/fadena\/wp-content\/uploads\/2025\/05\/Logos-actualizados-FADENA-1-01.png","contentUrl":"https:\/\/undef.edu.ar\/fadena\/wp-content\/uploads\/2025\/05\/Logos-actualizados-FADENA-1-01.png","width":721,"height":154,"caption":"FADENA"},"image":{"@id":"https:\/\/undef.edu.ar\/fadena\/#\/schema\/logo\/image\/"}}]}},"_links":{"self":[{"href":"https:\/\/undef.edu.ar\/fadena\/wp-json\/wp\/v2\/pages\/13383","targetHints":{"allow":["GET"]}}],"collection":[{"href":"https:\/\/undef.edu.ar\/fadena\/wp-json\/wp\/v2\/pages"}],"about":[{"href":"https:\/\/undef.edu.ar\/fadena\/wp-json\/wp\/v2\/types\/page"}],"author":[{"embeddable":true,"href":"https:\/\/undef.edu.ar\/fadena\/wp-json\/wp\/v2\/users\/2"}],"replies":[{"embeddable":true,"href":"https:\/\/undef.edu.ar\/fadena\/wp-json\/wp\/v2\/comments?post=13383"}],"version-history":[{"count":78,"href":"https:\/\/undef.edu.ar\/fadena\/wp-json\/wp\/v2\/pages\/13383\/revisions"}],"predecessor-version":[{"id":22457,"href":"https:\/\/undef.edu.ar\/fadena\/wp-json\/wp\/v2\/pages\/13383\/revisions\/22457"}],"wp:attachment":[{"href":"https:\/\/undef.edu.ar\/fadena\/wp-json\/wp\/v2\/media?parent=13383"}],"curies":[{"name":"wp","href":"https:\/\/api.w.org\/{rel}","templated":true}]}}